{"id":19604,"date":"2026-03-25T19:46:45","date_gmt":"2026-03-25T19:46:45","guid":{"rendered":"https:\/\/dechavarri.es\/?post_type=product&#038;p=19604"},"modified":"2026-03-26T10:35:47","modified_gmt":"2026-03-26T10:35:47","slug":"luna-joya-solidaria-manuela-de-arenzana","status":"publish","type":"product","link":"https:\/\/dechavarri.es\/en\/producto\/luna-joya-solidaria-manuela-de-arenzana\/","title":{"rendered":"Lunita"},"content":{"rendered":"<p>\u00abLunita\u00bb es una peque\u00f1a pieza dise\u00f1ada por una de nuestras <a href=\"https:\/\/dechavarri.es\/jovenes-dechavarri\/manuela-de-arenzana-martos\/\">j\u00f3venes DeChavarri, Manuela de Arenzana<\/a>, que va incluida como regalo en su suscripci\u00f3n de las empanadas MiLunita en este pr\u00f3ximo mes abril de 2026.<\/p>\n<p>Forma parte de una iniciativa solidaria vinculada al proyecto social <a href=\"https:\/\/milunita.com\" target=\"_blank\" rel=\"noopener\">MiLunita<\/a>. Sus beneficios <strong>se destinan casi \u00edntegramente* al desarrollo del proyecto<\/strong>, que impulsa empleo y oportunidades a trav\u00e9s de su actividad.<\/p>\n<p><strong>Detalles<\/strong><\/p>\n<ul>\n<li><strong>Material<\/strong>: Zamak con ba\u00f1o en plata<\/li>\n<li><strong>Dise\u00f1o<\/strong>: Manuela de Arenzana<\/li>\n<li><strong>Cord\u00f3n<\/strong>: hilo de seda en negro, rojo o plata, elaborado por la dise\u00f1adora de joyas <a href=\"https:\/\/dechavarri.es\/angela-segimon-de-matanzos\/\">Angela Segim\u00f3n<\/a>.<\/li>\n<li><strong>Medidas<\/strong>: 1,5 x 1,5 cm<\/li>\n<li><strong>Grosor<\/strong>: 3 mm<\/li>\n<\/ul>\n<p>*De esta compra, destinaremos el 5% a COEM.ong, como parte de nuestro compromiso social.<\/p>\n","protected":false},"excerpt":{"rendered":"<p>Este colgante forma parte de una iniciativa solidaria vinculada a <a href=\"https:\/\/milunita.com\">MiLunita<\/a>. Sus beneficios <strong>se destinan casi \u00edntegramente* al desarrollo del proyecto<\/strong>, que impulsa empleo y oportunidades a trav\u00e9s de su actividad.<br \/>\n&ensp;<br \/>\nDise\u00f1ado para acompa\u00f1ar. Porque a veces, lo m\u00e1s peque\u00f1o es lo que m\u00e1s impacto tiene.<br \/>\n&ensp;<br \/>\n<a href=\"https:\/\/dechavarri.es\/mi-lunita\/\">\u00bfQuieres conocer toda la historia?<\/a><\/p>\n","protected":false},"featured_media":19621,"comment_status":"open","ping_status":"closed","template":"","meta":{"_joinchat":[]},"product_brand":[],"product_cat":[430],"product_tag":[],"class_list":{"0":"post-19604","1":"product","2":"type-product","3":"status-publish","4":"has-post-thumbnail","6":"product_cat-charms","8":"first","9":"instock","10":"purchasable","11":"product-type-variable"},"_links":{"self":[{"href":"https:\/\/dechavarri.es\/en\/wp-json\/wp\/v2\/product\/19604","targetHints":{"allow":["GET"]}}],"collection":[{"href":"https:\/\/dechavarri.es\/en\/wp-json\/wp\/v2\/product"}],"about":[{"href":"https:\/\/dechavarri.es\/en\/wp-json\/wp\/v2\/types\/product"}],"replies":[{"embeddable":true,"href":"https:\/\/dechavarri.es\/en\/wp-json\/wp\/v2\/comments?post=19604"}],"version-history":[{"count":2,"href":"https:\/\/dechavarri.es\/en\/wp-json\/wp\/v2\/product\/19604\/revisions"}],"predecessor-version":[{"id":19689,"href":"https:\/\/dechavarri.es\/en\/wp-json\/wp\/v2\/product\/19604\/revisions\/19689"}],"wp:featuredmedia":[{"embeddable":true,"href":"https:\/\/dechavarri.es\/en\/wp-json\/wp\/v2\/media\/19621"}],"wp:attachment":[{"href":"https:\/\/dechavarri.es\/en\/wp-json\/wp\/v2\/media?parent=19604"}],"wp:term":[{"taxonomy":"product_brand","embeddable":true,"href":"https:\/\/dechavarri.es\/en\/wp-json\/wp\/v2\/product_brand?post=19604"},{"taxonomy":"product_cat","embeddable":true,"href":"https:\/\/dechavarri.es\/en\/wp-json\/wp\/v2\/product_cat?post=19604"},{"taxonomy":"product_tag","embeddable":true,"href":"https:\/\/dechavarri.es\/en\/wp-json\/wp\/v2\/product_tag?post=19604"}],"curies":[{"name":"wp","href":"https:\/\/api.w.org\/{rel}","templated":true}]}}