{"id":19379,"date":"2026-02-13T17:12:15","date_gmt":"2026-02-13T17:12:15","guid":{"rendered":"https:\/\/dechavarri.es\/?post_type=product&#038;p=19379"},"modified":"2026-03-19T21:05:37","modified_gmt":"2026-03-19T21:05:37","slug":"tarjeta-regalo","status":"publish","type":"product","link":"https:\/\/dechavarri.es\/en\/producto\/tarjeta-regalo\/","title":{"rendered":"Tarjeta Regalo"},"content":{"rendered":"<h3 data-start=\"1653\" data-end=\"1779\">Tarjeta Regalo DeChavarri<\/h3>\n<p data-start=\"1653\" data-end=\"1779\">Con la Tarjeta Regalo DeChavarri puedes elegir el modelo que mejor acompa\u00f1e la historia de la persona a quien va dirigida. Puedes escoger cualquiera de nuestros modelos y la tarjeta se enviar\u00e1 de manera virtual como un email personalizado en tu nombre, con el mensaje que desees incluir.<\/p>\n","protected":false},"excerpt":{"rendered":"<p>Un gesto elegante. Una elecci\u00f3n libre.<\/p>\n<p>La Tarjeta Regalo DeChavarri permitir\u00e1 descubrir nuestro universo artesanal al elegir el modelo que mejor acompa\u00f1e cada historia. La tarjeta se enviar\u00e1 personalizada en tu nombre, con el mensaje que desees incluir.<\/p>\n<p>&nbsp;<\/p>\n<p>Selecciona un importe y podr\u00e1s rellenar los datos de tu tarjeta regalo.<\/p>\n<p>&nbsp;<\/p>\n<p><a href=\"https:\/\/dechavarri.es\/newsletter\/\">Si te suscribes aqu\u00ed<\/a>, adem\u00e1s recibir\u00e1s un 10% de descuento.<\/p>\n","protected":false},"featured_media":19555,"comment_status":"open","ping_status":"closed","template":"","meta":{"_joinchat":[]},"product_brand":[],"product_cat":[423],"product_tag":[],"class_list":{"0":"post-19379","1":"product","2":"type-product","3":"status-publish","4":"has-post-thumbnail","6":"product_cat-giftcard","8":"first","9":"instock","10":"taxable","11":"shipping-taxable","12":"purchasable","13":"product-type-variable"},"_links":{"self":[{"href":"https:\/\/dechavarri.es\/en\/wp-json\/wp\/v2\/product\/19379","targetHints":{"allow":["GET"]}}],"collection":[{"href":"https:\/\/dechavarri.es\/en\/wp-json\/wp\/v2\/product"}],"about":[{"href":"https:\/\/dechavarri.es\/en\/wp-json\/wp\/v2\/types\/product"}],"replies":[{"embeddable":true,"href":"https:\/\/dechavarri.es\/en\/wp-json\/wp\/v2\/comments?post=19379"}],"version-history":[{"count":1,"href":"https:\/\/dechavarri.es\/en\/wp-json\/wp\/v2\/product\/19379\/revisions"}],"predecessor-version":[{"id":19393,"href":"https:\/\/dechavarri.es\/en\/wp-json\/wp\/v2\/product\/19379\/revisions\/19393"}],"wp:featuredmedia":[{"embeddable":true,"href":"https:\/\/dechavarri.es\/en\/wp-json\/wp\/v2\/media\/19555"}],"wp:attachment":[{"href":"https:\/\/dechavarri.es\/en\/wp-json\/wp\/v2\/media?parent=19379"}],"wp:term":[{"taxonomy":"product_brand","embeddable":true,"href":"https:\/\/dechavarri.es\/en\/wp-json\/wp\/v2\/product_brand?post=19379"},{"taxonomy":"product_cat","embeddable":true,"href":"https:\/\/dechavarri.es\/en\/wp-json\/wp\/v2\/product_cat?post=19379"},{"taxonomy":"product_tag","embeddable":true,"href":"https:\/\/dechavarri.es\/en\/wp-json\/wp\/v2\/product_tag?post=19379"}],"curies":[{"name":"wp","href":"https:\/\/api.w.org\/{rel}","templated":true}]}}