{"id":19127,"date":"2026-01-12T12:41:39","date_gmt":"2026-01-12T12:41:39","guid":{"rendered":"https:\/\/dechavarri.es\/?post_type=product&#038;p=19127"},"modified":"2026-03-17T17:25:34","modified_gmt":"2026-03-17T17:25:34","slug":"clutch-negro-piel-broche-oro-mate-negro","status":"publish","type":"product","link":"https:\/\/dechavarri.es\/en\/producto\/clutch-negro-piel-broche-oro-mate-negro\/","title":{"rendered":"Clutch &#8220;Negro&#8221; II. Edici\u00f3n especial"},"content":{"rendered":"<p>Clutch negro de piel de ternera, broche ba\u00f1ado en oro de 24 quilates \u2014acabado mate y esmalte en negro\u2014, y cadena &#8220;serpiente&#8221; a juego.<\/p>\n<ul>\n<li>Hecho en Espa\u00f1a<\/li>\n<li>Piel de vacuno grabado natural<\/li>\n<li>Interior de micro fibra suave y flexible<\/li>\n<li>Bolsillo interior con cremallera<\/li>\n<li>Cadena de lat\u00f3n con ba\u00f1o dorado y protecci\u00f3n lacada<\/li>\n<li>Broche-joya pulido a mano y ba\u00f1ado con im\u00e1n de alta intensidad, dise\u00f1ado por <a href=\"https:\/\/www.angelasegimon.com\" target=\"_blank\" rel=\"noopener\">\u00c1ngela Segim\u00f3n<\/a>:\n<ul>\n<li>ba\u00f1ado en oro, acabado mate, con interior esmaltado en negro<\/li>\n<li>ba\u00f1ado en plata, acabado mate, con interior esmaltado en negro<\/li>\n<li>ba\u00f1ado en plata, acabado brillo, con interior esmaltado en negro<\/li>\n<li>ba\u00f1ado en plata, acabado brillo, con interior esmaltado en naranja<\/li>\n<li>ba\u00f1ado en oro, acabado brillo, con interior esmaltado en blanco<\/li>\n<\/ul>\n<\/li>\n<\/ul>\n<p>El Clutch es la definici\u00f3n de refinamiento en un formato compacto. Dise\u00f1ado para ocasiones especiales y eventos elegantes, este clutch destaca por su elegancia atemporal y su atenci\u00f3n a los detalles.<\/p>\n<p>Fabricado con materiales de alta gama y acabados meticulosos, presenta un dise\u00f1o minimalista que realza su sofisticaci\u00f3n. Su cierre seguro y su interior forrado proporcionan un espacio ideal para lo esencial, como tu tel\u00e9fono, tarjetas y labial, todo organizado con un estilo impecable.<\/p>\n<p>Perfecto para eventos, galas o cenas formales, este clutch combina la simplicidad con el lujo, ofreciendo un toque de distinci\u00f3n a tu conjunto.<\/p>\n<p>Disponiblen tambi\u00e9n en <a href=\"https:\/\/dechavarri.es\/etiqueta-producto\/clutch\/\">otros tonos<\/a>.<\/p>\n","protected":false},"excerpt":{"rendered":"<p>Clutch negro de piel de ternera con broche ba\u00f1ado en oro de 24 quilates, o plata, y cadena \u00abserpiente\u00bb a juego. Cada pieza es un art\u00edculo exclusivo.<\/p>\n","protected":false},"featured_media":13096,"comment_status":"closed","ping_status":"closed","template":"","meta":{"_joinchat":[]},"product_brand":[224],"product_cat":[80,148,78,77,44,421],"product_tag":[147,122,313,412,343],"class_list":{"0":"post-19127","1":"product","2":"type-product","3":"status-publish","4":"has-post-thumbnail","6":"product_brand-clutch","7":"product_cat-bandolera","8":"product_cat-bolsos-de-fiesta","9":"product_cat-bolsos-de-hombro","10":"product_cat-bolsos-de-mano","11":"product_cat-coleccion-victoria","12":"product_cat-piezas-unicas","13":"product_tag-bolsos-de-fiesta","14":"product_tag-clutch","15":"product_tag-negros","16":"product_tag-mujer","17":"product_tag-ultima-unidad","18":"pa_color-negro","19":"pa_modelo-clutch","20":"pa_ocasion-evento","21":"pa_ocasion-fiesta","22":"pa_tipo-bandolera","23":"pa_tipo-de-mano","24":"pa_tipo-hombro","26":"first","27":"instock","28":"featured","29":"purchasable","30":"product-type-simple"},"_links":{"self":[{"href":"https:\/\/dechavarri.es\/en\/wp-json\/wp\/v2\/product\/19127","targetHints":{"allow":["GET"]}}],"collection":[{"href":"https:\/\/dechavarri.es\/en\/wp-json\/wp\/v2\/product"}],"about":[{"href":"https:\/\/dechavarri.es\/en\/wp-json\/wp\/v2\/types\/product"}],"replies":[{"embeddable":true,"href":"https:\/\/dechavarri.es\/en\/wp-json\/wp\/v2\/comments?post=19127"}],"version-history":[{"count":0,"href":"https:\/\/dechavarri.es\/en\/wp-json\/wp\/v2\/product\/19127\/revisions"}],"wp:featuredmedia":[{"embeddable":true,"href":"https:\/\/dechavarri.es\/en\/wp-json\/wp\/v2\/media\/13096"}],"wp:attachment":[{"href":"https:\/\/dechavarri.es\/en\/wp-json\/wp\/v2\/media?parent=19127"}],"wp:term":[{"taxonomy":"product_brand","embeddable":true,"href":"https:\/\/dechavarri.es\/en\/wp-json\/wp\/v2\/product_brand?post=19127"},{"taxonomy":"product_cat","embeddable":true,"href":"https:\/\/dechavarri.es\/en\/wp-json\/wp\/v2\/product_cat?post=19127"},{"taxonomy":"product_tag","embeddable":true,"href":"https:\/\/dechavarri.es\/en\/wp-json\/wp\/v2\/product_tag?post=19127"}],"curies":[{"name":"wp","href":"https:\/\/api.w.org\/{rel}","templated":true}]}}