{"id":19117,"date":"2026-01-11T17:16:19","date_gmt":"2026-01-11T17:16:19","guid":{"rendered":"https:\/\/dechavarri.es\/?post_type=product&#038;p=19117"},"modified":"2026-02-07T10:33:40","modified_gmt":"2026-02-07T10:33:40","slug":"clutch-cherry-red-iii-edicion-especial","status":"publish","type":"product","link":"https:\/\/dechavarri.es\/en\/producto\/clutch-cherry-red-iii-edicion-especial\/","title":{"rendered":"Clutch &#8220;Cherry Red&#8221; III.  Edici\u00f3n especial"},"content":{"rendered":"<p>Clutch Cherry Red de piel de ternera y broche ba\u00f1ado en plata con acabado mate:<\/p>\n<ul>\n<li>Hecho en Espa\u00f1a<\/li>\n<li>Piel de vacuno grabado natural<\/li>\n<li>Interior de micro fibra suave y flexible<\/li>\n<li>Bolsillo interior con cremallera<\/li>\n<li>Cadena de lat\u00f3n con ba\u00f1o dorado y protecci\u00f3n lacada<\/li>\n<li>Broche-joya de lat\u00f3n pulido a mano y ba\u00f1ado en bronce blanco micrado en oro o plata, con im\u00e1n de alta intensidad, dise\u00f1ado por <a href=\"https:\/\/www.angelasegimon.com\" target=\"_blank\" rel=\"noopener\">\u00c1ngela Segim\u00f3n<\/a>:\n<ul>\n<li>ba\u00f1ado en plata, acabado mate<\/li>\n<li><a href=\"https:\/\/dechavarri.es\/producto\/clutch-cherry-red-ii-edicion-especial\/\">ba\u00f1ado en oro de 24 quilates, acabado brillo, esmaltado interior en negro<\/a>.<\/li>\n<li><a href=\"https:\/\/dechavarri.es\/producto\/clutch-cherryred\/\">ba\u00f1ado en oro de 24 quilates, acabado mate<\/a><\/li>\n<li><a href=\"https:\/\/dechavarri.es\/producto\/clutch-cherry-red-iv-edicion-especial\/\">ba\u00f1ado en plata, acabado brillo<\/a><\/li>\n<li><a href=\"https:\/\/dechavarri.es\/producto\/clutch-cherryred\/\">ba\u00f1ado en plata, acabado brillo, esmaltado interior en rojo<\/a><\/li>\n<\/ul>\n<\/li>\n<\/ul>\n<p>El Clutch es la definici\u00f3n de refinamiento en un formato compacto. Dise\u00f1ado para ocasiones especiales y eventos elegantes, este clutch destaca por su elegancia atemporal y su atenci\u00f3n a los detalles.<\/p>\n<p>Fabricado con materiales de alta gama y acabados meticulosos, presenta un dise\u00f1o minimalista que realza su sofisticaci\u00f3n. Su cierre seguro y su interior forrado proporcionan un espacio ideal para lo esencial, como tu tel\u00e9fono, tarjetas y labial, todo organizado con un estilo impecable.<\/p>\n<p>Perfecto para eventos, galas o cenas formales, este clutch combina la simplicidad con el lujo, ofreciendo un toque de distinci\u00f3n a tu conjunto.<\/p>\n<p>Disponible en <a href=\"https:\/\/dechavarri.es\/etiqueta-producto\/clutch\/\">otros tonos<\/a><\/p>\n","protected":false},"excerpt":{"rendered":"<p>Clutch Cherry Red de piel de ternera y broche ba\u00f1ado en plata con acabado mate y cadena \u00abserpiente\u00bb a juego. Cada pieza es un art\u00edculo \u00fanico.<\/p>\n","protected":false},"featured_media":15309,"comment_status":"closed","ping_status":"closed","template":"","meta":{"_joinchat":[]},"product_brand":[224],"product_cat":[80,148,78,77,44,421],"product_tag":[147,122,412,219,343],"class_list":{"0":"post-19117","1":"product","2":"type-product","3":"status-publish","4":"has-post-thumbnail","6":"product_brand-clutch","7":"product_cat-bandolera","8":"product_cat-bolsos-de-fiesta","9":"product_cat-bolsos-de-hombro","10":"product_cat-bolsos-de-mano","11":"product_cat-coleccion-victoria","12":"product_cat-piezas-unicas","13":"product_tag-bolsos-de-fiesta","14":"product_tag-clutch","15":"product_tag-mujer","16":"product_tag-rojos","17":"product_tag-ultima-unidad","18":"pa_color-burdeos","19":"pa_modelo-clutch","20":"pa_ocasion-evento","21":"pa_ocasion-fiesta","22":"pa_tipo-bandolera","23":"pa_tipo-clutch","24":"pa_tipo-de-mano","25":"pa_tipo-hombro","27":"first","28":"instock","29":"featured","30":"purchasable","31":"product-type-simple"},"_links":{"self":[{"href":"https:\/\/dechavarri.es\/en\/wp-json\/wp\/v2\/product\/19117","targetHints":{"allow":["GET"]}}],"collection":[{"href":"https:\/\/dechavarri.es\/en\/wp-json\/wp\/v2\/product"}],"about":[{"href":"https:\/\/dechavarri.es\/en\/wp-json\/wp\/v2\/types\/product"}],"replies":[{"embeddable":true,"href":"https:\/\/dechavarri.es\/en\/wp-json\/wp\/v2\/comments?post=19117"}],"version-history":[{"count":1,"href":"https:\/\/dechavarri.es\/en\/wp-json\/wp\/v2\/product\/19117\/revisions"}],"predecessor-version":[{"id":19123,"href":"https:\/\/dechavarri.es\/en\/wp-json\/wp\/v2\/product\/19117\/revisions\/19123"}],"wp:featuredmedia":[{"embeddable":true,"href":"https:\/\/dechavarri.es\/en\/wp-json\/wp\/v2\/media\/15309"}],"wp:attachment":[{"href":"https:\/\/dechavarri.es\/en\/wp-json\/wp\/v2\/media?parent=19117"}],"wp:term":[{"taxonomy":"product_brand","embeddable":true,"href":"https:\/\/dechavarri.es\/en\/wp-json\/wp\/v2\/product_brand?post=19117"},{"taxonomy":"product_cat","embeddable":true,"href":"https:\/\/dechavarri.es\/en\/wp-json\/wp\/v2\/product_cat?post=19117"},{"taxonomy":"product_tag","embeddable":true,"href":"https:\/\/dechavarri.es\/en\/wp-json\/wp\/v2\/product_tag?post=19117"}],"curies":[{"name":"wp","href":"https:\/\/api.w.org\/{rel}","templated":true}]}}