{"id":18272,"date":"2025-12-15T11:54:36","date_gmt":"2025-12-15T11:54:36","guid":{"rendered":"https:\/\/dechavarri.es\/?post_type=product&#038;p=18272"},"modified":"2026-04-08T11:16:34","modified_gmt":"2026-04-08T11:16:34","slug":"bolso-tote-de-piel-alejandra-macadamia","status":"publish","type":"product","link":"https:\/\/dechavarri.es\/en\/producto\/bolso-tote-de-piel-alejandra-macadamia\/","title":{"rendered":"Tote Alejandra \u00abMacadamia\u00bb"},"content":{"rendered":"<h4>Tote de piel \u00abAlejandra\u00bb<\/h4>\n<p>Un bolso tote de piel en tono macadamia, con un aire urbano, pero elegante, nace para acompa\u00f1ar d\u00edas largos y agendas llenas sin renunciar a la elegancia.<\/p>\n<p>Un bolso amplio, ligero y cuidadosamente estructurado, pensado para mujeres que necesitan llevarlo todo \u2014y encontrarlo siempre\u2014. Confeccionado en piel de ternera 100%, es un dise\u00f1o de l\u00edneas limpias con una organizaci\u00f3n interior excepcional, forrado de algod\u00f3n con mezcla t\u00e9cnica de poli\u00e9ster, en un tejido de estructura espiga que aporta cuerpo y resistencia.<\/p>\n<p>En su interior encontrar\u00e1s un gran espacio central, acompa\u00f1ado de una distribuci\u00f3n pensada al detalle:<\/p>\n<ul>\n<li>Dos bolsillos interiores con cremallera, uno a cada lado, para mantener a salvo lo imprescindible.<\/li>\n<li>Dos bolsillos anchos ideales para gafas, m\u00f3vil, cargadores u objetos de uso frecuente.<\/li>\n<li>Un bolsillo amplio con tira de piel y cierre con bot\u00f3n, perfecto para ordenador port\u00e1til de hasta 13\u2019\u2019 (capacidad de m\u00e1s pulgadas fuera del bolsillo. Ver medidas), tablet o iPad.<\/li>\n<li>Gancho interior para llaves o pouch, para tenerlos siempre localizados.<\/li>\n<\/ul>\n<p>Sus asas largas permiten llevarlo c\u00f3modamente al hombro, y su base estructurada aporta estabilidad sin restar flexibilidad al cuerpo del bolso.<\/p>\n<p>Todo en su sitio, sin perder la esencia de un tote elegante y atemporal. Un bolso funcional: elegante, c\u00e1lido y sorprendentemente organizado.<\/p>\n<p>Porque nunca un tote fue tan pr\u00e1ctico\u2026 ni tan bonito.<\/p>\n","protected":false},"excerpt":{"rendered":"<p>Bolso tote de piel de vacuno resistente al agua, con gran espacio central y cinco compartimentos amplios a los lados. Hecho a mano en Espa\u00f1a.<\/p>\n<div class=\"pre-order\">\n<p>Con la compra de este tote <strong>te regalamos<\/strong> nuestro <a href=\"https:\/\/dechavarri.es\/producto\/soft-pouch-macadamia\/\">Soft Pouch \u00abmacadamia\u00bb<\/a> que puedes enganchar en el mismo mosquet\u00f3n de las llaves.<\/p>\n<\/div>\n","protected":false},"featured_media":18313,"comment_status":"open","ping_status":"closed","template":"","meta":{"_joinchat":[]},"product_brand":[391],"product_cat":[213,392,411],"product_tag":[47,235,412,393],"class_list":{"0":"post-18272","1":"product","2":"type-product","3":"status-publish","4":"has-post-thumbnail","6":"product_brand-tote","7":"product_cat-bolsos","8":"product_cat-coleccion-passage","9":"product_cat-tote-bag","10":"product_tag-work","11":"product_tag-novedad","12":"product_tag-mujer","13":"product_tag-urbano","14":"pa_color-camel","15":"pa_modelo-tote-bag","16":"pa_ocasion-diario","17":"pa_ocasion-trabajo","18":"pa_tipo-hombro","20":"first","21":"instock","22":"featured","23":"purchasable","24":"product-type-simple"},"_links":{"self":[{"href":"https:\/\/dechavarri.es\/en\/wp-json\/wp\/v2\/product\/18272","targetHints":{"allow":["GET"]}}],"collection":[{"href":"https:\/\/dechavarri.es\/en\/wp-json\/wp\/v2\/product"}],"about":[{"href":"https:\/\/dechavarri.es\/en\/wp-json\/wp\/v2\/types\/product"}],"replies":[{"embeddable":true,"href":"https:\/\/dechavarri.es\/en\/wp-json\/wp\/v2\/comments?post=18272"}],"version-history":[{"count":2,"href":"https:\/\/dechavarri.es\/en\/wp-json\/wp\/v2\/product\/18272\/revisions"}],"predecessor-version":[{"id":19818,"href":"https:\/\/dechavarri.es\/en\/wp-json\/wp\/v2\/product\/18272\/revisions\/19818"}],"wp:featuredmedia":[{"embeddable":true,"href":"https:\/\/dechavarri.es\/en\/wp-json\/wp\/v2\/media\/18313"}],"wp:attachment":[{"href":"https:\/\/dechavarri.es\/en\/wp-json\/wp\/v2\/media?parent=18272"}],"wp:term":[{"taxonomy":"product_brand","embeddable":true,"href":"https:\/\/dechavarri.es\/en\/wp-json\/wp\/v2\/product_brand?post=18272"},{"taxonomy":"product_cat","embeddable":true,"href":"https:\/\/dechavarri.es\/en\/wp-json\/wp\/v2\/product_cat?post=18272"},{"taxonomy":"product_tag","embeddable":true,"href":"https:\/\/dechavarri.es\/en\/wp-json\/wp\/v2\/product_tag?post=18272"}],"curies":[{"name":"wp","href":"https:\/\/api.w.org\/{rel}","templated":true}]}}