{"id":6985,"date":"2022-11-11T08:17:51","date_gmt":"2022-11-11T08:17:51","guid":{"rendered":"https:\/\/dechavarri.es\/?page_id=6985"},"modified":"2022-11-11T08:24:35","modified_gmt":"2022-11-11T08:24:35","slug":"gabriela-alvarez-chavarri","status":"publish","type":"page","link":"https:\/\/dechavarri.es\/en\/jovenes-dechavarri\/gabriela-alvarez-chavarri\/","title":{"rendered":"Gabriela \u00c1lvarez Ch\u00e1varri"},"content":{"rendered":"\t\t<div data-elementor-type=\"wp-page\" data-elementor-id=\"6985\" class=\"elementor elementor-6985\" data-elementor-post-type=\"page\">\n\t\t\t\t\t\t<section class=\"elementor-section elementor-top-section elementor-element elementor-element-afd7e9d elementor-section-full_width elementor-section-height-min-height elementor-section-content-middle elementor-section-stretched elementor-section-height-default elementor-section-items-middle parallax_section_no qode_elementor_container_no\" data-id=\"afd7e9d\" data-element_type=\"section\" data-e-type=\"section\" data-settings=\"{&quot;stretch_section&quot;:&quot;section-stretched&quot;,&quot;background_background&quot;:&quot;classic&quot;}\">\n\t\t\t\t\t\t\t<div class=\"elementor-background-overlay\"><\/div>\n\t\t\t\t\t\t\t<div class=\"elementor-container elementor-column-gap-default\">\n\t\t\t\t\t<div class=\"elementor-column elementor-col-100 elementor-top-column elementor-element elementor-element-df09dd6\" data-id=\"df09dd6\" data-element_type=\"column\" data-e-type=\"column\">\n\t\t\t<div class=\"elementor-widget-wrap elementor-element-populated\">\n\t\t\t\t\t\t<div class=\"elementor-element elementor-element-c00a519 elementor-widget elementor-widget-heading\" data-id=\"c00a519\" data-element_type=\"widget\" data-e-type=\"widget\" data-widget_type=\"heading.default\">\n\t\t\t\t<div class=\"elementor-widget-container\">\n\t\t\t\t\t<h1 class=\"elementor-heading-title elementor-size-default\">Gabriela \u00c1lvarez<\/h1>\t\t\t\t<\/div>\n\t\t\t\t<\/div>\n\t\t\t\t\t<\/div>\n\t\t<\/div>\n\t\t\t\t\t<\/div>\n\t\t<\/section>\n\t\t\t\t<section class=\"elementor-section elementor-top-section elementor-element elementor-element-ba5cb65 elementor-section-boxed elementor-section-height-default elementor-section-height-default parallax_section_no qode_elementor_container_no\" data-id=\"ba5cb65\" data-element_type=\"section\" data-e-type=\"section\">\n\t\t\t\t\t\t<div class=\"elementor-container elementor-column-gap-default\">\n\t\t\t\t\t<div class=\"elementor-column elementor-col-50 elementor-top-column elementor-element elementor-element-191451a\" data-id=\"191451a\" data-element_type=\"column\" data-e-type=\"column\">\n\t\t\t<div class=\"elementor-widget-wrap elementor-element-populated\">\n\t\t\t\t\t\t<div class=\"elementor-element elementor-element-5d73d9f elementor-widget elementor-widget-text-editor\" data-id=\"5d73d9f\" data-element_type=\"widget\" data-e-type=\"widget\" data-widget_type=\"text-editor.default\">\n\t\t\t\t<div class=\"elementor-widget-container\">\n\t\t\t\t\t\t\t\t\t<h2 class=\"muj_dec_tit\" style=\"color: #3e1920;\">Meet Gabriela A\u0301lvarez Cha\u0301varri <\/h2>\t\t\t\t\t\t\t\t<\/div>\n\t\t\t\t<\/div>\n\t\t\t\t<div class=\"elementor-element elementor-element-6301324 elementor-widget elementor-widget-text-editor\" data-id=\"6301324\" data-element_type=\"widget\" data-e-type=\"widget\" data-widget_type=\"text-editor.default\">\n\t\t\t\t<div class=\"elementor-widget-container\">\n\t\t\t\t\t\t\t\t\t<h2 class=\"lines-effects-muj-dec\" style=\"color: #3e1920;\">Last year of high school student <br>\nBorn in Madrid (2003)<\/h2>\t\t\t\t\t\t\t\t<\/div>\n\t\t\t\t<\/div>\n\t\t\t\t\t<\/div>\n\t\t<\/div>\n\t\t\t\t<div class=\"elementor-column elementor-col-50 elementor-top-column elementor-element elementor-element-f816418\" data-id=\"f816418\" data-element_type=\"column\" data-e-type=\"column\">\n\t\t\t<div class=\"elementor-widget-wrap\">\n\t\t\t\t\t\t\t<\/div>\n\t\t<\/div>\n\t\t\t\t\t<\/div>\n\t\t<\/section>\n\t\t\t\t<section class=\"elementor-section elementor-top-section elementor-element elementor-element-53792c9 elementor-section-full_width elementor-section-content-middle elementor-section-stretched elementor-hidden-tablet elementor-hidden-mobile elementor-section-height-default elementor-section-height-default parallax_section_no qode_elementor_container_no\" data-id=\"53792c9\" data-element_type=\"section\" data-e-type=\"section\" data-settings=\"{&quot;stretch_section&quot;:&quot;section-stretched&quot;,&quot;background_background&quot;:&quot;classic&quot;}\">\n\t\t\t\t\t\t<div class=\"elementor-container elementor-column-gap-default\">\n\t\t\t\t\t<div class=\"elementor-column elementor-col-100 elementor-top-column elementor-element elementor-element-cec32f7\" data-id=\"cec32f7\" data-element_type=\"column\" data-e-type=\"column\">\n\t\t\t<div class=\"elementor-widget-wrap elementor-element-populated\">\n\t\t\t\t\t\t<section class=\"elementor-section elementor-inner-section elementor-element elementor-element-bb93646 elementor-section-boxed elementor-section-height-default elementor-section-height-default parallax_section_no qode_elementor_container_no\" data-id=\"bb93646\" data-element_type=\"section\" data-e-type=\"section\">\n\t\t\t\t\t\t<div class=\"elementor-container elementor-column-gap-default\">\n\t\t\t\t\t<div class=\"elementor-column elementor-col-50 elementor-inner-column elementor-element elementor-element-bdca411\" data-id=\"bdca411\" data-element_type=\"column\" data-e-type=\"column\">\n\t\t\t<div class=\"elementor-widget-wrap elementor-element-populated\">\n\t\t\t\t\t\t<div class=\"elementor-element elementor-element-6843cae elementor-widget elementor-widget-image\" data-id=\"6843cae\" data-element_type=\"widget\" data-e-type=\"widget\" data-widget_type=\"image.default\">\n\t\t\t\t<div class=\"elementor-widget-container\">\n\t\t\t\t\t\t\t\t\t\t\t\t\t\t\t<img decoding=\"async\" src=\"https:\/\/dechavarri.es\/wp-content\/uploads\/elementor\/thumbs\/gabriela-alvarez-dechavarri-txt-q4h544tijx7oq32rkee6safg5o1mzukoas3vakfcz4.jpg\" title=\"gabriela-alvarez-dechavarri-txt\" alt=\"gabriela-alvarez-dechavarri-txt\" loading=\"lazy\" \/>\t\t\t\t\t\t\t\t\t\t\t\t\t\t\t<\/div>\n\t\t\t\t<\/div>\n\t\t\t\t<div class=\"elementor-element elementor-element-c01932c elementor-widget elementor-widget-image\" data-id=\"c01932c\" data-element_type=\"widget\" data-e-type=\"widget\" data-widget_type=\"image.default\">\n\t\t\t\t<div class=\"elementor-widget-container\">\n\t\t\t\t\t\t\t\t\t\t\t\t\t\t\t<img decoding=\"async\" src=\"https:\/\/dechavarri.es\/wp-content\/uploads\/elementor\/thumbs\/gabriela-alvarez-dechavarri-txt-1-q4h53vf4nkuthzgf3abx3csu7tbyuvjcxhl0hstapc.jpg\" title=\"gabriela-alvarez-dechavarri-txt-1\" alt=\"gabriela-alvarez-dechavarri-txt-1\" loading=\"lazy\" \/>\t\t\t\t\t\t\t\t\t\t\t\t\t\t\t<\/div>\n\t\t\t\t<\/div>\n\t\t\t\t\t<\/div>\n\t\t<\/div>\n\t\t\t\t<div class=\"elementor-column elementor-col-50 elementor-inner-column elementor-element elementor-element-475b8f4\" data-id=\"475b8f4\" data-element_type=\"column\" data-e-type=\"column\">\n\t\t\t<div class=\"elementor-widget-wrap elementor-element-populated\">\n\t\t\t\t\t\t<div class=\"elementor-element elementor-element-5ca7e4b elementor-widget elementor-widget-text-editor\" data-id=\"5ca7e4b\" data-element_type=\"widget\" data-e-type=\"widget\" data-widget_type=\"text-editor.default\">\n\t\t\t\t<div class=\"elementor-widget-container\">\n\t\t\t\t\t\t\t\t\t<p class=\"jd_text_mv\" style=\"color: #fff; text-align: right; margin-bottom: 80px; padding-left: 10%;\">&#8220;Cuando mi madre me propuso formar parte del proyecto me hizo mucha ilusi\u00f3n, le propuse crear una secci\u00f3n de j\u00f3venes y la idea le gust\u00f3 much\u00edsimo. Me parece que las j\u00f3venes tenemos mucho que decir y que aportar. La web DeCh\u00e1varri podr\u00eda ser un lugar de encuentro entre mujeres y j\u00f3venes, madres e hijas, t\u00edas y sobrinas\u2026 un lugar donde compartir ilusiones, ideales.. pero sobre todo un lugar de apoyo entre todas nosotras&#8221;.<\/p>\n<p style=\"font-family: trenda-regular; font-style: normal; font-size: 20px; color: #f7c8be; margin-bottom: 25px; line-height: 25px;\">Gabriela is said to come from the biblical Hebrew meaning &#8220;strength of God&#8221;. Gabriela (Gabi to her friends) is a 18nth year old girl from De Cha\u0301varri, still very young, but with an unusual strength and tenacity for her age, a strength that she puts at the service of others, with a spirit of dedication to those who suffer, a storm that is unleashed when someone at her side needs help. <\/p>\n<p style=\"font-family: trenda-regular; font-style: normal; font-size: 20px; color: #f7c8be; margin-bottom: 25px; line-height: 25px;\">Behind her strong and determined character, she hides a woman of a tenderness and understanding that sweeps like the tide, a great romantic&#8230; Gabi will reach out to anyone who needs it, and will give herself to help with all her heart, even putting her own interests aside, which is why the generosity of this young woman is her greatest asset, she hides a spirit of solidarity of enormous proportions that perhaps she herself is not yet aware of. <\/p>\n<p style=\"font-family: trenda-regular; font-style: normal; font-size: 20px; color: #f7c8be; margin-bottom: 25px; line-height: 25px;\">Her smile is the sunrise on an island in Hawaii, 3,000 meters above sea level, between volcanoes and a blanket of clouds that explodes with color as the sun rises. However, before offering you her smile and her sunrise, she will have to know you well, because she will not open to just anyone, for Gabi the most important things are feelings and emotions, she will always be guided by what her heart dictates before reason, when making the most important decisions of her life, even knowing the mistakes that this may sometimes entail. <\/p>\n<p style=\"font-family: trenda-regular; font-style: normal; font-size: 20px; color: #f7c8be; margin-bottom: 25px; line-height: 25px;\">Gabi is a volcano of creativity, she is an excellent artist and a great sportswoman, with incredible communication skills, you won&#8217;t be able to leave her speechless&#8230; all of this with a wonderful optimism. <\/p>\n<p style=\"font-family: trenda-regular; font-style: normal; font-size: 20px; color: #f7c8be; margin-bottom: 25px; line-height: 25px;\">A tireless worker, she will be involved in the future in body and soul with incredible constancy in whatever she decides to dedicate her life and her passion to, with a great artistic potential, we still don&#8217;t know where she will direct her steps, writer, musician, designer, actress&#8230;. <\/p>\n<p style=\"font-family: trenda-regular; font-style: normal; font-size: 20px; color: #f7c8be; margin-bottom: 25px; line-height: 25px;\">Like other women who bear her name, Gabrielle Chanel, Gabi is passionate, vital and strong-willed, and as the 19th century British political activist Emmeline Pankhurst once said, &#8220;I&#8217;d rather be a rebel than a slave&#8221;. <\/p>\t\t\t\t\t\t\t\t<\/div>\n\t\t\t\t<\/div>\n\t\t\t\t\t<\/div>\n\t\t<\/div>\n\t\t\t\t\t<\/div>\n\t\t<\/section>\n\t\t\t\t<section class=\"elementor-section elementor-inner-section elementor-element elementor-element-ae12dc4 elementor-section-boxed elementor-section-height-default elementor-section-height-default parallax_section_no qode_elementor_container_no\" data-id=\"ae12dc4\" data-element_type=\"section\" data-e-type=\"section\">\n\t\t\t\t\t\t<div class=\"elementor-container elementor-column-gap-default\">\n\t\t\t\t\t<div class=\"elementor-column elementor-col-100 elementor-inner-column elementor-element elementor-element-61e8d5f\" data-id=\"61e8d5f\" data-element_type=\"column\" data-e-type=\"column\">\n\t\t\t<div class=\"elementor-widget-wrap elementor-element-populated\">\n\t\t\t\t\t\t<div class=\"elementor-element elementor-element-23fc558 elementor-widget elementor-widget-image\" data-id=\"23fc558\" data-element_type=\"widget\" data-e-type=\"widget\" data-widget_type=\"image.default\">\n\t\t\t\t<div class=\"elementor-widget-container\">\n\t\t\t\t\t\t\t\t\t\t\t\t\t\t\t<img decoding=\"async\" src=\"https:\/\/dechavarri.es\/wp-content\/uploads\/elementor\/thumbs\/grracias-dechavarri-negro-scaled-r9c13ykh8uv66mbcnxksciq32tbz2p9fsgb451ds2w.png\" title=\"grracias dechavarri negro\" alt=\"grracias dechavarri negro\" loading=\"lazy\" \/>\t\t\t\t\t\t\t\t\t\t\t\t\t\t\t<\/div>\n\t\t\t\t<\/div>\n\t\t\t\t\t<\/div>\n\t\t<\/div>\n\t\t\t\t\t<\/div>\n\t\t<\/section>\n\t\t\t\t\t<\/div>\n\t\t<\/div>\n\t\t\t\t\t<\/div>\n\t\t<\/section>\n\t\t\t\t<section class=\"elementor-section elementor-top-section elementor-element elementor-element-0b89ac1 elementor-section-full_width elementor-section-content-middle elementor-section-stretched elementor-hidden-desktop elementor-section-height-default elementor-section-height-default parallax_section_no qode_elementor_container_no\" data-id=\"0b89ac1\" data-element_type=\"section\" data-e-type=\"section\" data-settings=\"{&quot;stretch_section&quot;:&quot;section-stretched&quot;,&quot;background_background&quot;:&quot;classic&quot;}\">\n\t\t\t\t\t\t<div class=\"elementor-container elementor-column-gap-default\">\n\t\t\t\t\t<div class=\"elementor-column elementor-col-100 elementor-top-column elementor-element elementor-element-12bb54e\" data-id=\"12bb54e\" data-element_type=\"column\" data-e-type=\"column\">\n\t\t\t<div class=\"elementor-widget-wrap elementor-element-populated\">\n\t\t\t\t\t\t<div class=\"elementor-element elementor-element-a99fa63 elementor-widget elementor-widget-image\" data-id=\"a99fa63\" data-element_type=\"widget\" data-e-type=\"widget\" data-widget_type=\"image.default\">\n\t\t\t\t<div class=\"elementor-widget-container\">\n\t\t\t\t\t\t\t\t\t\t\t\t\t\t\t<img fetchpriority=\"high\" decoding=\"async\" width=\"933\" height=\"1400\" src=\"https:\/\/dechavarri.es\/wp-content\/uploads\/2022\/03\/gabriela-alvarez-dechavarri-txt.jpg\" class=\"attachment-full size-full wp-image-6275\" alt=\"\" srcset=\"https:\/\/dechavarri.es\/wp-content\/uploads\/2022\/03\/gabriela-alvarez-dechavarri-txt.jpg 933w, https:\/\/dechavarri.es\/wp-content\/uploads\/2022\/03\/gabriela-alvarez-dechavarri-txt-600x900.jpg 600w, https:\/\/dechavarri.es\/wp-content\/uploads\/2022\/03\/gabriela-alvarez-dechavarri-txt-200x300.jpg 200w, https:\/\/dechavarri.es\/wp-content\/uploads\/2022\/03\/gabriela-alvarez-dechavarri-txt-682x1024.jpg 682w, https:\/\/dechavarri.es\/wp-content\/uploads\/2022\/03\/gabriela-alvarez-dechavarri-txt-768x1152.jpg 768w, https:\/\/dechavarri.es\/wp-content\/uploads\/2022\/03\/gabriela-alvarez-dechavarri-txt-700x1050.jpg 700w\" sizes=\"(max-width: 933px) 100vw, 933px\" \/>\t\t\t\t\t\t\t\t\t\t\t\t\t\t\t<\/div>\n\t\t\t\t<\/div>\n\t\t\t\t<div class=\"elementor-element elementor-element-fbd7116 elementor-widget elementor-widget-text-editor\" data-id=\"fbd7116\" data-element_type=\"widget\" data-e-type=\"widget\" data-widget_type=\"text-editor.default\">\n\t\t\t\t<div class=\"elementor-widget-container\">\n\t\t\t\t\t\t\t\t\t<p class=\"jd_text_mv\" style=\"color: #fff; text-align: right; margin-bottom: 80px; padding-left: 10%;\">&#8220;Cuando mi madre me propuso formar parte del proyecto me hizo mucha ilusi\u00f3n, le propuse crear una secci\u00f3n de j\u00f3venes y la idea le gust\u00f3 much\u00edsimo. Me parece que las j\u00f3venes tenemos mucho que decir y que aportar. La web DeChavarri podr\u00eda ser un lugar de encuentro entre mujeres y j\u00f3venes, madres e hijas, t\u00edas y sobrinas\u2026 un lugar donde compartir ilusiones, ideales.. pero sobre todo un lugar de apoyo entre todas nosotras&#8221;.<\/p>\n<p class=\"jd_text_mv\" style=\"color: #f7c8be;\">Gabriela is said to come from the biblical Hebrew meaning &#8220;strength of God&#8221;. Gabriela (Gabi to her friends) is a 18nth year old girl from De Cha\u0301varri, still very young, but with an unusual strength and tenacity for her age, a strength that she puts at the service of others, with a spirit of dedication to those who suffer, a storm that is unleashed when someone at her side needs help. <\/p>\n<p class=\"jd_text_mv\" style=\"color: #f7c8be;\">Behind her strong and determined character, she hides a woman of a tenderness and understanding that sweeps like the tide, a great romantic&#8230; Gabi will reach out to anyone who needs it, and will give herself to help with all her heart, even putting her own interests aside, which is why the generosity of this young woman is her greatest asset, she hides a spirit of solidarity of enormous proportions that perhaps she herself is not yet aware of. <\/p>\n<p class=\"jd_text_mv\" style=\"color: #f7c8be;\">Her smile is the sunrise on an island in Hawaii, 3,000 meters above sea level, between volcanoes and a blanket of clouds that explodes with color as the sun rises. However, before offering you her smile and her sunrise, she will have to know you well, because she will not open to just anyone, for Gabi the most important things are feelings and emotions, she will always be guided by what her heart dictates before reason, when making the most important decisions of her life, even knowing the mistakes that this may sometimes entail. <\/p>\n<p class=\"jd_text_mv\" style=\"color: #f7c8be;\">Gabi is a volcano of creativity, she is an excellent artist and a great sportswoman, with incredible communication skills, you won&#8217;t be able to leave her speechless&#8230; all of this with a wonderful optimism. <\/p>\n<p class=\"jd_text_mv\" style=\"color: #f7c8be;\">A tireless worker, she will be involved in the future in body and soul with incredible constancy in whatever she decides to dedicate her life and her passion to, with a great artistic potential, we still don&#8217;t know where she will direct her steps, writer, musician, designer, actress&#8230; . <\/p>\n<p class=\"jd_text_mv\" style=\"color: #f7c8be;\">Like other women who bear her name, Gabrielle Chanel, Gabi is passionate, vital and strong-willed, and as the 19th century British political activist Emmeline Pankhurst once said, &#8220;I&#8217;d rather be a rebel than a slave&#8221;. <\/p>\t\t\t\t\t\t\t\t<\/div>\n\t\t\t\t<\/div>\n\t\t\t\t<div class=\"elementor-element elementor-element-3cd0e76 elementor-widget elementor-widget-image\" data-id=\"3cd0e76\" data-element_type=\"widget\" data-e-type=\"widget\" data-widget_type=\"image.default\">\n\t\t\t\t<div class=\"elementor-widget-container\">\n\t\t\t\t\t\t\t\t\t\t\t\t\t\t\t<img decoding=\"async\" width=\"933\" height=\"1400\" src=\"https:\/\/dechavarri.es\/wp-content\/uploads\/2022\/03\/gabriela-alvarez-dechavarri-txt-1.jpg\" class=\"attachment-full size-full wp-image-6276\" alt=\"\" srcset=\"https:\/\/dechavarri.es\/wp-content\/uploads\/2022\/03\/gabriela-alvarez-dechavarri-txt-1.jpg 933w, https:\/\/dechavarri.es\/wp-content\/uploads\/2022\/03\/gabriela-alvarez-dechavarri-txt-1-600x900.jpg 600w, https:\/\/dechavarri.es\/wp-content\/uploads\/2022\/03\/gabriela-alvarez-dechavarri-txt-1-200x300.jpg 200w, https:\/\/dechavarri.es\/wp-content\/uploads\/2022\/03\/gabriela-alvarez-dechavarri-txt-1-682x1024.jpg 682w, https:\/\/dechavarri.es\/wp-content\/uploads\/2022\/03\/gabriela-alvarez-dechavarri-txt-1-768x1152.jpg 768w, https:\/\/dechavarri.es\/wp-content\/uploads\/2022\/03\/gabriela-alvarez-dechavarri-txt-1-700x1050.jpg 700w\" sizes=\"(max-width: 933px) 100vw, 933px\" \/>\t\t\t\t\t\t\t\t\t\t\t\t\t\t\t<\/div>\n\t\t\t\t<\/div>\n\t\t\t\t<div class=\"elementor-element elementor-element-bce1bde elementor-widget elementor-widget-image\" data-id=\"bce1bde\" data-element_type=\"widget\" data-e-type=\"widget\" data-widget_type=\"image.default\">\n\t\t\t\t<div class=\"elementor-widget-container\">\n\t\t\t\t\t\t\t\t\t\t\t\t\t\t\t<img decoding=\"async\" src=\"https:\/\/dechavarri.es\/wp-content\/uploads\/elementor\/thumbs\/grracias-dechavarri-negro-scaled-r9c13ykg1033o195tpgshsexhjbu1442rou5oqa580.png\" title=\"grracias dechavarri negro\" alt=\"grracias dechavarri negro\" loading=\"lazy\" \/>\t\t\t\t\t\t\t\t\t\t\t\t\t\t\t<\/div>\n\t\t\t\t<\/div>\n\t\t\t\t\t<\/div>\n\t\t<\/div>\n\t\t\t\t\t<\/div>\n\t\t<\/section>\n\t\t\t\t<section class=\"elementor-section elementor-top-section elementor-element elementor-element-ac57ee9 elementor-section-full_width display_row elementor-section-height-default elementor-section-height-default parallax_section_no qode_elementor_container_no\" data-id=\"ac57ee9\" data-element_type=\"section\" data-e-type=\"section\">\n\t\t\t\t\t\t<div class=\"elementor-container elementor-column-gap-no\">\n\t\t\t\t\t<div class=\"elementor-column elementor-col-100 elementor-top-column elementor-element elementor-element-4cac7c1\" data-id=\"4cac7c1\" data-element_type=\"column\" data-e-type=\"column\">\n\t\t\t<div class=\"elementor-widget-wrap elementor-element-populated\">\n\t\t\t\t\t\t<div class=\"elementor-element elementor-element-d91cd2b elementor-widget elementor-widget-image\" data-id=\"d91cd2b\" data-element_type=\"widget\" data-e-type=\"widget\" data-widget_type=\"image.default\">\n\t\t\t\t<div class=\"elementor-widget-container\">\n\t\t\t\t\t\t\t\t\t\t\t\t\t\t\t<img decoding=\"async\" src=\"https:\/\/dechavarri.es\/wp-content\/uploads\/2020\/07\/map.jpg\" title=\"\" alt=\"\" loading=\"lazy\" \/>\t\t\t\t\t\t\t\t\t\t\t\t\t\t\t<\/div>\n\t\t\t\t<\/div>\n\t\t\t\t\t<\/div>\n\t\t<\/div>\n\t\t\t\t\t<\/div>\n\t\t<\/section>\n\t\t\t\t<\/div>\n\t\t","protected":false},"excerpt":{"rendered":"<p>Gabriela \u00c1lvarez Meet Gabriela A\u0301lvarez Cha\u0301varri Last year of high school student Born in Madrid (2003) &#8220;Cuando mi madre me propuso formar parte del proyecto me hizo mucha ilusi\u00f3n, le propuse crear una secci\u00f3n de j\u00f3venes y la idea le gust\u00f3 much\u00edsimo. Me parece que&#8230;<\/p>\n","protected":false},"author":5,"featured_media":0,"parent":3056,"menu_order":0,"comment_status":"closed","ping_status":"closed","template":"full_width.php","meta":{"_joinchat":[],"footnotes":""},"class_list":["post-6985","page","type-page","status-publish","hentry"],"_links":{"self":[{"href":"https:\/\/dechavarri.es\/en\/wp-json\/wp\/v2\/pages\/6985","targetHints":{"allow":["GET"]}}],"collection":[{"href":"https:\/\/dechavarri.es\/en\/wp-json\/wp\/v2\/pages"}],"about":[{"href":"https:\/\/dechavarri.es\/en\/wp-json\/wp\/v2\/types\/page"}],"author":[{"embeddable":true,"href":"https:\/\/dechavarri.es\/en\/wp-json\/wp\/v2\/users\/5"}],"replies":[{"embeddable":true,"href":"https:\/\/dechavarri.es\/en\/wp-json\/wp\/v2\/comments?post=6985"}],"version-history":[{"count":6,"href":"https:\/\/dechavarri.es\/en\/wp-json\/wp\/v2\/pages\/6985\/revisions"}],"predecessor-version":[{"id":6991,"href":"https:\/\/dechavarri.es\/en\/wp-json\/wp\/v2\/pages\/6985\/revisions\/6991"}],"up":[{"embeddable":true,"href":"https:\/\/dechavarri.es\/en\/wp-json\/wp\/v2\/pages\/3056"}],"wp:attachment":[{"href":"https:\/\/dechavarri.es\/en\/wp-json\/wp\/v2\/media?parent=6985"}],"curies":[{"name":"wp","href":"https:\/\/api.w.org\/{rel}","templated":true}]}}