{"id":6873,"date":"2022-11-10T17:27:36","date_gmt":"2022-11-10T17:27:36","guid":{"rendered":"https:\/\/dechavarri.es\/?page_id=6873"},"modified":"2022-11-17T03:38:45","modified_gmt":"2022-11-17T03:38:45","slug":"maria-jose-castro-veiga","status":"publish","type":"page","link":"https:\/\/dechavarri.es\/en\/maria-jose-castro-veiga\/","title":{"rendered":"Mar\u00eda Jos\u00e9 Castro Veiga"},"content":{"rendered":"\t\t<div data-elementor-type=\"wp-page\" data-elementor-id=\"6873\" class=\"elementor elementor-6873\" data-elementor-post-type=\"page\">\n\t\t\t\t\t\t<section class=\"elementor-section elementor-top-section elementor-element elementor-element-afd7e9d elementor-section-full_width elementor-section-height-min-height elementor-section-content-middle elementor-section-stretched elementor-section-height-default elementor-section-items-middle parallax_section_no qode_elementor_container_no\" data-id=\"afd7e9d\" data-element_type=\"section\" data-e-type=\"section\" data-settings=\"{&quot;stretch_section&quot;:&quot;section-stretched&quot;,&quot;background_background&quot;:&quot;classic&quot;}\">\n\t\t\t\t\t\t\t<div class=\"elementor-background-overlay\"><\/div>\n\t\t\t\t\t\t\t<div class=\"elementor-container elementor-column-gap-default\">\n\t\t\t\t\t<div class=\"elementor-column elementor-col-100 elementor-top-column elementor-element elementor-element-df09dd6\" data-id=\"df09dd6\" data-element_type=\"column\" data-e-type=\"column\">\n\t\t\t<div class=\"elementor-widget-wrap elementor-element-populated\">\n\t\t\t\t\t\t<div class=\"elementor-element elementor-element-c00a519 elementor-widget elementor-widget-heading\" data-id=\"c00a519\" data-element_type=\"widget\" data-e-type=\"widget\" data-widget_type=\"heading.default\">\n\t\t\t\t<div class=\"elementor-widget-container\">\n\t\t\t\t\t<h1 class=\"elementor-heading-title elementor-size-default\">Mar\u00eda Jos\u00e9 Castro<\/h1>\t\t\t\t<\/div>\n\t\t\t\t<\/div>\n\t\t\t\t\t<\/div>\n\t\t<\/div>\n\t\t\t\t\t<\/div>\n\t\t<\/section>\n\t\t\t\t<section class=\"elementor-section elementor-top-section elementor-element elementor-element-ba5cb65 elementor-section-boxed elementor-section-height-default elementor-section-height-default parallax_section_no qode_elementor_container_no\" data-id=\"ba5cb65\" data-element_type=\"section\" data-e-type=\"section\">\n\t\t\t\t\t\t<div class=\"elementor-container elementor-column-gap-default\">\n\t\t\t\t\t<div class=\"elementor-column elementor-col-50 elementor-top-column elementor-element elementor-element-191451a\" data-id=\"191451a\" data-element_type=\"column\" data-e-type=\"column\">\n\t\t\t<div class=\"elementor-widget-wrap elementor-element-populated\">\n\t\t\t\t\t\t<div class=\"elementor-element elementor-element-5d73d9f elementor-widget elementor-widget-text-editor\" data-id=\"5d73d9f\" data-element_type=\"widget\" data-e-type=\"widget\" data-widget_type=\"text-editor.default\">\n\t\t\t\t<div class=\"elementor-widget-container\">\n\t\t\t\t\t\t\t\t\t<h2 class=\"muj_dec_tit\" style=\"color: #3e1920;\">Meet Mar\u00eda Jos\u00e9 Castro Veiga<\/h2>\t\t\t\t\t\t\t\t<\/div>\n\t\t\t\t<\/div>\n\t\t\t\t<div class=\"elementor-element elementor-element-6301324 elementor-widget elementor-widget-text-editor\" data-id=\"6301324\" data-element_type=\"widget\" data-e-type=\"widget\" data-widget_type=\"text-editor.default\">\n\t\t\t\t<div class=\"elementor-widget-container\">\n\t\t\t\t\t\t\t\t\t<h2 class=\"lines-effects-muj-dec\" style=\"color: #3e1920;\">Plastic, Aesthetic and Reconstructive Surgeon<br>\nBorn in Lugo (Galicia) 1972<\/h2>\t\t\t\t\t\t\t\t<\/div>\n\t\t\t\t<\/div>\n\t\t\t\t\t<\/div>\n\t\t<\/div>\n\t\t\t\t<div class=\"elementor-column elementor-col-50 elementor-top-column elementor-element elementor-element-f816418\" data-id=\"f816418\" data-element_type=\"column\" data-e-type=\"column\">\n\t\t\t<div class=\"elementor-widget-wrap\">\n\t\t\t\t\t\t\t<\/div>\n\t\t<\/div>\n\t\t\t\t\t<\/div>\n\t\t<\/section>\n\t\t\t\t<section class=\"elementor-section elementor-top-section elementor-element elementor-element-53792c9 elementor-section-full_width elementor-section-content-middle elementor-section-stretched elementor-hidden-tablet elementor-hidden-mobile elementor-section-height-default elementor-section-height-default parallax_section_no qode_elementor_container_no\" data-id=\"53792c9\" data-element_type=\"section\" data-e-type=\"section\" data-settings=\"{&quot;stretch_section&quot;:&quot;section-stretched&quot;,&quot;background_background&quot;:&quot;classic&quot;}\">\n\t\t\t\t\t\t<div class=\"elementor-container elementor-column-gap-default\">\n\t\t\t\t\t<div class=\"elementor-column elementor-col-100 elementor-top-column elementor-element elementor-element-cec32f7\" data-id=\"cec32f7\" data-element_type=\"column\" data-e-type=\"column\">\n\t\t\t<div class=\"elementor-widget-wrap elementor-element-populated\">\n\t\t\t\t\t\t<section class=\"elementor-section elementor-inner-section elementor-element elementor-element-0e07327 elementor-section-boxed elementor-section-height-default elementor-section-height-default parallax_section_no qode_elementor_container_no\" data-id=\"0e07327\" data-element_type=\"section\" data-e-type=\"section\">\n\t\t\t\t\t\t<div class=\"elementor-container elementor-column-gap-default\">\n\t\t\t\t\t<div class=\"elementor-column elementor-col-50 elementor-inner-column elementor-element elementor-element-bf13fc7\" data-id=\"bf13fc7\" data-element_type=\"column\" data-e-type=\"column\">\n\t\t\t<div class=\"elementor-widget-wrap\">\n\t\t\t\t\t\t\t<\/div>\n\t\t<\/div>\n\t\t\t\t<div class=\"elementor-column elementor-col-50 elementor-inner-column elementor-element elementor-element-f2e21a8\" data-id=\"f2e21a8\" data-element_type=\"column\" data-e-type=\"column\">\n\t\t\t<div class=\"elementor-widget-wrap elementor-element-populated\">\n\t\t\t\t\t\t<div class=\"elementor-element elementor-element-d19ad6e elementor-widget elementor-widget-text-editor\" data-id=\"d19ad6e\" data-element_type=\"widget\" data-e-type=\"widget\" data-widget_type=\"text-editor.default\">\n\t\t\t\t<div class=\"elementor-widget-container\">\n\t\t\t\t\t\t\t\t\t<p class=\"nos_sub\" style=\"margin-bottom: 15px; font-weight: bold!important;\">\u201cPlastic Surgery is art, repair, aesthetics, balance Being able to dedicate yourself to this profession is an\nimmense good fortune, to see how the lives of your patients improve, move forward without complexes,\nwithout sequels or recover their identity after a trauma, is a luxury that enriches you every day. There is no\nbetter vocation than one that keeps your mind active, satisfies your artistic needs and helps those who\nplace their trust in you\u201d<\/p>\t\t\t\t\t\t\t\t<\/div>\n\t\t\t\t<\/div>\n\t\t\t\t\t<\/div>\n\t\t<\/div>\n\t\t\t\t\t<\/div>\n\t\t<\/section>\n\t\t\t\t\t<\/div>\n\t\t<\/div>\n\t\t\t\t\t<\/div>\n\t\t<\/section>\n\t\t\t\t<section class=\"elementor-section elementor-top-section elementor-element elementor-element-9f66ebf elementor-section-full_width elementor-section-content-middle elementor-section-stretched elementor-hidden-tablet elementor-hidden-mobile elementor-section-height-default elementor-section-height-default parallax_section_no qode_elementor_container_no\" data-id=\"9f66ebf\" data-element_type=\"section\" data-e-type=\"section\" data-settings=\"{&quot;stretch_section&quot;:&quot;section-stretched&quot;,&quot;background_background&quot;:&quot;classic&quot;}\">\n\t\t\t\t\t\t<div class=\"elementor-container elementor-column-gap-default\">\n\t\t\t\t\t<div class=\"elementor-column elementor-col-100 elementor-top-column elementor-element elementor-element-38e2112\" data-id=\"38e2112\" data-element_type=\"column\" data-e-type=\"column\">\n\t\t\t<div class=\"elementor-widget-wrap elementor-element-populated\">\n\t\t\t\t\t\t<section class=\"elementor-section elementor-inner-section elementor-element elementor-element-205ad08 elementor-section-boxed elementor-section-height-default elementor-section-height-default parallax_section_no qode_elementor_container_no\" data-id=\"205ad08\" data-element_type=\"section\" data-e-type=\"section\">\n\t\t\t\t\t\t<div class=\"elementor-container elementor-column-gap-default\">\n\t\t\t\t\t<div class=\"elementor-column elementor-col-50 elementor-inner-column elementor-element elementor-element-45d3e70\" data-id=\"45d3e70\" data-element_type=\"column\" data-e-type=\"column\">\n\t\t\t<div class=\"elementor-widget-wrap elementor-element-populated\">\n\t\t\t\t\t\t<div class=\"elementor-element elementor-element-2e1c589 elementor-widget elementor-widget-image\" data-id=\"2e1c589\" data-element_type=\"widget\" data-e-type=\"widget\" data-widget_type=\"image.default\">\n\t\t\t\t<div class=\"elementor-widget-container\">\n\t\t\t\t\t\t\t\t\t\t\t\t\t\t\t<img decoding=\"async\" src=\"https:\/\/dechavarri.es\/wp-content\/uploads\/elementor\/thumbs\/maria-jose-castro-txt-q4h57qjakufqra4vwtuk3gu6ab53lgjp5c40fbut2y.jpg\" title=\"maria-jose-castro-txt\" alt=\"maria-jose-castro-txt\" loading=\"lazy\" \/>\t\t\t\t\t\t\t\t\t\t\t\t\t\t\t<\/div>\n\t\t\t\t<\/div>\n\t\t\t\t\t<\/div>\n\t\t<\/div>\n\t\t\t\t<div class=\"elementor-column elementor-col-50 elementor-inner-column elementor-element elementor-element-e55b911\" data-id=\"e55b911\" data-element_type=\"column\" data-e-type=\"column\">\n\t\t\t<div class=\"elementor-widget-wrap elementor-element-populated\">\n\t\t\t\t\t\t<div class=\"elementor-element elementor-element-969c9cb elementor-widget elementor-widget-image\" data-id=\"969c9cb\" data-element_type=\"widget\" data-e-type=\"widget\" data-widget_type=\"image.default\">\n\t\t\t\t<div class=\"elementor-widget-container\">\n\t\t\t\t\t\t\t\t\t\t\t\t\t\t\t<img decoding=\"async\" src=\"https:\/\/dechavarri.es\/wp-content\/uploads\/elementor\/thumbs\/maria-jose-castro-txt-1-q4h57mrxtialguacis81thsbwrnmqo4rsti2i80dru.jpg\" title=\"maria-jose-castro-txt-1\" alt=\"maria-jose-castro-txt-1\" loading=\"lazy\" \/>\t\t\t\t\t\t\t\t\t\t\t\t\t\t\t<\/div>\n\t\t\t\t<\/div>\n\t\t\t\t\t<\/div>\n\t\t<\/div>\n\t\t\t\t\t<\/div>\n\t\t<\/section>\n\t\t\t\t<section class=\"elementor-section elementor-inner-section elementor-element elementor-element-66f9c5d elementor-section-boxed elementor-section-height-default elementor-section-height-default parallax_section_no qode_elementor_container_no\" data-id=\"66f9c5d\" data-element_type=\"section\" data-e-type=\"section\">\n\t\t\t\t\t\t<div class=\"elementor-container elementor-column-gap-default\">\n\t\t\t\t\t<div class=\"elementor-column elementor-col-100 elementor-inner-column elementor-element elementor-element-85ac01a\" data-id=\"85ac01a\" data-element_type=\"column\" data-e-type=\"column\">\n\t\t\t<div class=\"elementor-widget-wrap elementor-element-populated\">\n\t\t\t\t\t\t<div class=\"elementor-element elementor-element-e3bc460 elementor-widget elementor-widget-text-editor\" data-id=\"e3bc460\" data-element_type=\"widget\" data-e-type=\"widget\" data-widget_type=\"text-editor.default\">\n\t\t\t\t<div class=\"elementor-widget-container\">\n\t\t\t\t\t\t\t\t\t<p style=\"font-family: trenda-regular; font-style: normal; font-size: 20px; color: #fff; margin-bottom: 25px; line-height: 25px; text-align: center;\">Developed at the Hospital 12 de Octubre via MIR, she currently has her own project in Madrid, a project\nthat she has created and built up on her own without any help from anyone, a project that is now\nunstoppable.<\/p>\n<p style=\"font-family: trenda-regular; font-style: normal; font-size: 20px; color: #fff; margin-bottom: 25px; line-height: 25px; text-align: center;\">Pepa (as she likes to be called) and Curra, have known each other since they were very young when they\nwere both medical students at the University of Navarra. Since then, their lives have walked together both\nprofessionally and personally and they can only say that walking together as two sisters in life has been and\ncontinues to be exceptional.<\/p>\n<p style=\"font-family: trenda-regular; font-style: normal; font-size: 20px; color: #fff; margin-bottom: 25px; line-height: 25px; text-align: center;\">If tenacity had a woman&#8217;s name, her name would be Mar\u00eda Jos\u00e9, she combines the strength of a hurricane\nwith the kindness of a good Samaritan, she dedicates herself to her work with unwavering tenacity, always\nseeking excellence and perfection in her surgeries.<\/p>\n<p style=\"font-family: trenda-regular; font-style: normal; font-size: 20px; color: #fff; margin-bottom: 25px; line-height: 25px; text-align: center;\">Pepa NEVER gives up on anything, she is a standard of struggle, courage, perseverance and will.<\/p>\t\t\t\t\t\t\t\t<\/div>\n\t\t\t\t<\/div>\n\t\t\t\t\t<\/div>\n\t\t<\/div>\n\t\t\t\t\t<\/div>\n\t\t<\/section>\n\t\t\t\t<section class=\"elementor-section elementor-inner-section elementor-element elementor-element-eef28fb elementor-section-boxed elementor-section-height-default elementor-section-height-default parallax_section_no qode_elementor_container_no\" data-id=\"eef28fb\" data-element_type=\"section\" data-e-type=\"section\">\n\t\t\t\t\t\t<div class=\"elementor-container elementor-column-gap-default\">\n\t\t\t\t\t<div class=\"elementor-column elementor-col-100 elementor-inner-column elementor-element elementor-element-fecc36c\" data-id=\"fecc36c\" data-element_type=\"column\" data-e-type=\"column\">\n\t\t\t<div class=\"elementor-widget-wrap elementor-element-populated\">\n\t\t\t\t\t\t<div class=\"elementor-element elementor-element-5c37309 elementor-widget elementor-widget-text-editor\" data-id=\"5c37309\" data-element_type=\"widget\" data-e-type=\"widget\" data-widget_type=\"text-editor.default\">\n\t\t\t\t<div class=\"elementor-widget-container\">\n\t\t\t\t\t\t\t\t\t<h2 class=\"aboutax\"><a href=\"https:\/\/www.doctoracastro.es\/\" target=\"_blank\" rel=\"noopener\">www.doctoracastro.es<\/a><\/h2>\t\t\t\t\t\t\t\t<\/div>\n\t\t\t\t<\/div>\n\t\t\t\t\t<\/div>\n\t\t<\/div>\n\t\t\t\t\t<\/div>\n\t\t<\/section>\n\t\t\t\t<section class=\"elementor-section elementor-inner-section elementor-element elementor-element-7cca941 elementor-section-boxed elementor-section-height-default elementor-section-height-default parallax_section_no qode_elementor_container_no\" data-id=\"7cca941\" data-element_type=\"section\" data-e-type=\"section\">\n\t\t\t\t\t\t<div class=\"elementor-container elementor-column-gap-default\">\n\t\t\t\t\t<div class=\"elementor-column elementor-col-100 elementor-inner-column elementor-element elementor-element-3d88dba\" data-id=\"3d88dba\" data-element_type=\"column\" data-e-type=\"column\">\n\t\t\t<div class=\"elementor-widget-wrap elementor-element-populated\">\n\t\t\t\t\t\t<div class=\"elementor-element elementor-element-e09f7a5 elementor-widget elementor-widget-image\" data-id=\"e09f7a5\" data-element_type=\"widget\" data-e-type=\"widget\" data-widget_type=\"image.default\">\n\t\t\t\t<div class=\"elementor-widget-container\">\n\t\t\t\t\t\t\t\t\t\t\t\t\t\t\t<img decoding=\"async\" width=\"300\" height=\"36\" src=\"https:\/\/dechavarri.es\/wp-content\/uploads\/2022\/03\/grracias_dechavarri_blanco-scaled.png\" class=\"attachment-medium size-medium wp-image-6231\" alt=\"\" srcset=\"https:\/\/dechavarri.es\/wp-content\/uploads\/2022\/03\/grracias_dechavarri_blanco-scaled.png 2560w, https:\/\/dechavarri.es\/wp-content\/uploads\/2022\/03\/grracias_dechavarri_blanco-scaled-600x72.png 600w\" sizes=\"(max-width: 300px) 100vw, 300px\" \/>\t\t\t\t\t\t\t\t\t\t\t\t\t\t\t<\/div>\n\t\t\t\t<\/div>\n\t\t\t\t\t<\/div>\n\t\t<\/div>\n\t\t\t\t\t<\/div>\n\t\t<\/section>\n\t\t\t\t\t<\/div>\n\t\t<\/div>\n\t\t\t\t\t<\/div>\n\t\t<\/section>\n\t\t\t\t<section class=\"elementor-section elementor-top-section elementor-element elementor-element-fc6d0f2 elementor-section-full_width elementor-section-content-middle elementor-section-stretched elementor-hidden-desktop elementor-section-height-default elementor-section-height-default parallax_section_no qode_elementor_container_no\" data-id=\"fc6d0f2\" data-element_type=\"section\" data-e-type=\"section\" data-settings=\"{&quot;stretch_section&quot;:&quot;section-stretched&quot;,&quot;background_background&quot;:&quot;classic&quot;}\">\n\t\t\t\t\t\t<div class=\"elementor-container elementor-column-gap-default\">\n\t\t\t\t\t<div class=\"elementor-column elementor-col-100 elementor-top-column elementor-element elementor-element-80a5c72\" data-id=\"80a5c72\" data-element_type=\"column\" data-e-type=\"column\">\n\t\t\t<div class=\"elementor-widget-wrap elementor-element-populated\">\n\t\t\t\t\t\t<div class=\"elementor-element elementor-element-c4f60e2 elementor-widget elementor-widget-text-editor\" data-id=\"c4f60e2\" data-element_type=\"widget\" data-e-type=\"widget\" data-widget_type=\"text-editor.default\">\n\t\t\t\t<div class=\"elementor-widget-container\">\n\t\t\t\t\t\t\t\t\t<p class=\"nos_sub\" style=\"margin-bottom: 15px;\">\u201cPlastic Surgery is art, repair, aesthetics, balance Being able to dedicate yourself to this profession is an\nimmense good fortune, to see how the lives of your patients improve, move forward without complexes,\nwithout sequels or recover their identity after a trauma, is a luxury that enriches you every day. There is no\nbetter vocation than one that keeps your mind active, satisfies your artistic needs and helps those who\nplace their trust in you\u201d<\/p>\t\t\t\t\t\t\t\t<\/div>\n\t\t\t\t<\/div>\n\t\t\t\t\t<\/div>\n\t\t<\/div>\n\t\t\t\t\t<\/div>\n\t\t<\/section>\n\t\t\t\t<section class=\"elementor-section elementor-top-section elementor-element elementor-element-a37de6c elementor-section-full_width elementor-section-content-middle elementor-section-stretched elementor-hidden-desktop elementor-section-height-default elementor-section-height-default parallax_section_no qode_elementor_container_no\" data-id=\"a37de6c\" data-element_type=\"section\" data-e-type=\"section\" data-settings=\"{&quot;stretch_section&quot;:&quot;section-stretched&quot;,&quot;background_background&quot;:&quot;classic&quot;}\">\n\t\t\t\t\t\t<div class=\"elementor-container elementor-column-gap-default\">\n\t\t\t\t\t<div class=\"elementor-column elementor-col-100 elementor-top-column elementor-element elementor-element-8ec5ea5\" data-id=\"8ec5ea5\" data-element_type=\"column\" data-e-type=\"column\">\n\t\t\t<div class=\"elementor-widget-wrap elementor-element-populated\">\n\t\t\t\t\t\t<div class=\"elementor-element elementor-element-8a93275 elementor-widget elementor-widget-image\" data-id=\"8a93275\" data-element_type=\"widget\" data-e-type=\"widget\" data-widget_type=\"image.default\">\n\t\t\t\t<div class=\"elementor-widget-container\">\n\t\t\t\t\t\t\t\t\t\t\t\t\t\t\t<img fetchpriority=\"high\" decoding=\"async\" width=\"933\" height=\"1400\" src=\"https:\/\/dechavarri.es\/wp-content\/uploads\/2022\/03\/maria-jose-castro-txt.jpg\" class=\"attachment-full size-full wp-image-6249\" alt=\"\" srcset=\"https:\/\/dechavarri.es\/wp-content\/uploads\/2022\/03\/maria-jose-castro-txt.jpg 933w, https:\/\/dechavarri.es\/wp-content\/uploads\/2022\/03\/maria-jose-castro-txt-600x900.jpg 600w\" sizes=\"(max-width: 933px) 100vw, 933px\" \/>\t\t\t\t\t\t\t\t\t\t\t\t\t\t\t<\/div>\n\t\t\t\t<\/div>\n\t\t\t\t<div class=\"elementor-element elementor-element-343542a elementor-widget elementor-widget-text-editor\" data-id=\"343542a\" data-element_type=\"widget\" data-e-type=\"widget\" data-widget_type=\"text-editor.default\">\n\t\t\t\t<div class=\"elementor-widget-container\">\n\t\t\t\t\t\t\t\t\t<p style=\"font-family: trenda-regular; font-style: normal; font-size: 18px; color: #fff; margin-bottom: 25px; line-height: 23px;\">Developed at the Hospital 12 de Octubre via MIR, she currently has her own project in Madrid, a project\nthat she has created and built up on her own without any help from anyone, a project that is now\nunstoppable.<\/p>\n<p style=\"font-family: trenda-regular; font-style: normal; font-size: 18px; color: #fff; margin-bottom: 25px; line-height: 23px;\">Pepa (as she likes to be called) and Curra, have known each other since they were very young when they\nwere both medical students at the University of Navarra. Since then, their lives have walked together both\nprofessionally and personally and they can only say that walking together as two sisters in life has been and\ncontinues to be exceptional.<\/p>\n<p style=\"font-family: trenda-regular; font-style: normal; font-size: 18px; color: #fff; margin-bottom: 25px; line-height: 23px;\">If tenacity had a woman&#8217;s name, her name would be Mar\u00eda Jos\u00e9, she combines the strength of a hurricane\nwith the kindness of a good Samaritan, she dedicates herself to her work with unwavering tenacity, always\nseeking excellence and perfection in her surgeries.<\/p>\n<p style=\"font-family: trenda-regular; font-style: normal; font-size: 18px; color: #fff; margin-bottom: 25px; line-height: 23px;\">Pepa NEVER gives up on anything, she is a standard of struggle, courage, perseverance and will.<\/p>\t\t\t\t\t\t\t\t<\/div>\n\t\t\t\t<\/div>\n\t\t\t\t<div class=\"elementor-element elementor-element-ea33a69 elementor-widget elementor-widget-image\" data-id=\"ea33a69\" data-element_type=\"widget\" data-e-type=\"widget\" data-widget_type=\"image.default\">\n\t\t\t\t<div class=\"elementor-widget-container\">\n\t\t\t\t\t\t\t\t\t\t\t\t\t\t\t<img decoding=\"async\" width=\"933\" height=\"1400\" src=\"https:\/\/dechavarri.es\/wp-content\/uploads\/2022\/03\/maria-jose-castro-txt-1.jpg\" class=\"attachment-full size-full wp-image-6250\" alt=\"\" srcset=\"https:\/\/dechavarri.es\/wp-content\/uploads\/2022\/03\/maria-jose-castro-txt-1.jpg 933w, https:\/\/dechavarri.es\/wp-content\/uploads\/2022\/03\/maria-jose-castro-txt-1-600x900.jpg 600w\" sizes=\"(max-width: 933px) 100vw, 933px\" \/>\t\t\t\t\t\t\t\t\t\t\t\t\t\t\t<\/div>\n\t\t\t\t<\/div>\n\t\t\t\t<div class=\"elementor-element elementor-element-8e2a5ef elementor-widget elementor-widget-text-editor\" data-id=\"8e2a5ef\" data-element_type=\"widget\" data-e-type=\"widget\" data-widget_type=\"text-editor.default\">\n\t\t\t\t<div class=\"elementor-widget-container\">\n\t\t\t\t\t\t\t\t\t<h2 class=\"aboutax\"><a href=\"https:\/\/www.doctoracastro.es\/\" target=\"_blank\" rel=\"noopener\">www.doctoracastro.es<\/a><\/h2>\t\t\t\t\t\t\t\t<\/div>\n\t\t\t\t<\/div>\n\t\t\t\t<div class=\"elementor-element elementor-element-e18cecb elementor-widget elementor-widget-image\" data-id=\"e18cecb\" data-element_type=\"widget\" data-e-type=\"widget\" data-widget_type=\"image.default\">\n\t\t\t\t<div class=\"elementor-widget-container\">\n\t\t\t\t\t\t\t\t\t\t\t\t\t\t\t<img decoding=\"async\" width=\"300\" height=\"36\" src=\"https:\/\/dechavarri.es\/wp-content\/uploads\/2022\/03\/grracias_dechavarri_blanco-scaled.png\" class=\"attachment-medium size-medium wp-image-6231\" alt=\"\" srcset=\"https:\/\/dechavarri.es\/wp-content\/uploads\/2022\/03\/grracias_dechavarri_blanco-scaled.png 2560w, https:\/\/dechavarri.es\/wp-content\/uploads\/2022\/03\/grracias_dechavarri_blanco-scaled-600x72.png 600w\" sizes=\"(max-width: 300px) 100vw, 300px\" \/>\t\t\t\t\t\t\t\t\t\t\t\t\t\t\t<\/div>\n\t\t\t\t<\/div>\n\t\t\t\t\t<\/div>\n\t\t<\/div>\n\t\t\t\t\t<\/div>\n\t\t<\/section>\n\t\t\t\t<section class=\"elementor-section elementor-top-section elementor-element elementor-element-ac57ee9 elementor-section-full_width display_row elementor-section-height-default elementor-section-height-default parallax_section_no qode_elementor_container_no\" data-id=\"ac57ee9\" data-element_type=\"section\" data-e-type=\"section\">\n\t\t\t\t\t\t<div class=\"elementor-container elementor-column-gap-no\">\n\t\t\t\t\t<div class=\"elementor-column elementor-col-100 elementor-top-column elementor-element elementor-element-4cac7c1\" data-id=\"4cac7c1\" data-element_type=\"column\" data-e-type=\"column\">\n\t\t\t<div class=\"elementor-widget-wrap elementor-element-populated\">\n\t\t\t\t\t\t<div class=\"elementor-element elementor-element-d91cd2b elementor-widget elementor-widget-image\" data-id=\"d91cd2b\" data-element_type=\"widget\" data-e-type=\"widget\" data-widget_type=\"image.default\">\n\t\t\t\t<div class=\"elementor-widget-container\">\n\t\t\t\t\t\t\t\t\t\t\t\t\t\t\t<img decoding=\"async\" src=\"https:\/\/dechavarri.es\/wp-content\/uploads\/2020\/07\/map.jpg\" title=\"\" alt=\"\" loading=\"lazy\" \/>\t\t\t\t\t\t\t\t\t\t\t\t\t\t\t<\/div>\n\t\t\t\t<\/div>\n\t\t\t\t\t<\/div>\n\t\t<\/div>\n\t\t\t\t\t<\/div>\n\t\t<\/section>\n\t\t\t\t<\/div>\n\t\t","protected":false},"excerpt":{"rendered":"<p>Mar\u00eda Jos\u00e9 Castro Meet Mar\u00eda Jos\u00e9 Castro Veiga Plastic, Aesthetic and Reconstructive Surgeon Born in Lugo (Galicia) 1972 \u201cPlastic Surgery is art, repair, aesthetics, balance Being able to dedicate yourself to this profession is an immense good fortune, to see how the lives of your&#8230;<\/p>\n","protected":false},"author":5,"featured_media":0,"parent":0,"menu_order":0,"comment_status":"closed","ping_status":"closed","template":"full_width.php","meta":{"_joinchat":[],"footnotes":""},"class_list":["post-6873","page","type-page","status-publish","hentry"],"_links":{"self":[{"href":"https:\/\/dechavarri.es\/en\/wp-json\/wp\/v2\/pages\/6873","targetHints":{"allow":["GET"]}}],"collection":[{"href":"https:\/\/dechavarri.es\/en\/wp-json\/wp\/v2\/pages"}],"about":[{"href":"https:\/\/dechavarri.es\/en\/wp-json\/wp\/v2\/types\/page"}],"author":[{"embeddable":true,"href":"https:\/\/dechavarri.es\/en\/wp-json\/wp\/v2\/users\/5"}],"replies":[{"embeddable":true,"href":"https:\/\/dechavarri.es\/en\/wp-json\/wp\/v2\/comments?post=6873"}],"version-history":[{"count":6,"href":"https:\/\/dechavarri.es\/en\/wp-json\/wp\/v2\/pages\/6873\/revisions"}],"predecessor-version":[{"id":8033,"href":"https:\/\/dechavarri.es\/en\/wp-json\/wp\/v2\/pages\/6873\/revisions\/8033"}],"wp:attachment":[{"href":"https:\/\/dechavarri.es\/en\/wp-json\/wp\/v2\/media?parent=6873"}],"curies":[{"name":"wp","href":"https:\/\/api.w.org\/{rel}","templated":true}]}}