{"id":6865,"date":"2022-11-10T17:21:08","date_gmt":"2022-11-10T17:21:08","guid":{"rendered":"https:\/\/dechavarri.es\/?page_id=6865"},"modified":"2022-11-17T03:38:30","modified_gmt":"2022-11-17T03:38:30","slug":"laura-velazquez-arjona","status":"publish","type":"page","link":"https:\/\/dechavarri.es\/en\/laura-velazquez-arjona\/","title":{"rendered":"Laura Vel\u00e1zquez Arjona"},"content":{"rendered":"\t\t<div data-elementor-type=\"wp-page\" data-elementor-id=\"6865\" class=\"elementor elementor-6865\" data-elementor-post-type=\"page\">\n\t\t\t\t\t\t<section class=\"elementor-section elementor-top-section elementor-element elementor-element-afd7e9d elementor-section-full_width elementor-section-height-min-height elementor-section-content-middle elementor-section-stretched elementor-section-height-default elementor-section-items-middle parallax_section_no qode_elementor_container_no\" data-id=\"afd7e9d\" data-element_type=\"section\" data-e-type=\"section\" data-settings=\"{&quot;stretch_section&quot;:&quot;section-stretched&quot;,&quot;background_background&quot;:&quot;classic&quot;}\">\n\t\t\t\t\t\t\t<div class=\"elementor-background-overlay\"><\/div>\n\t\t\t\t\t\t\t<div class=\"elementor-container elementor-column-gap-default\">\n\t\t\t\t\t<div class=\"elementor-column elementor-col-100 elementor-top-column elementor-element elementor-element-df09dd6\" data-id=\"df09dd6\" data-element_type=\"column\" data-e-type=\"column\">\n\t\t\t<div class=\"elementor-widget-wrap elementor-element-populated\">\n\t\t\t\t\t\t<div class=\"elementor-element elementor-element-c00a519 elementor-widget elementor-widget-heading\" data-id=\"c00a519\" data-element_type=\"widget\" data-e-type=\"widget\" data-widget_type=\"heading.default\">\n\t\t\t\t<div class=\"elementor-widget-container\">\n\t\t\t\t\t<h1 class=\"elementor-heading-title elementor-size-default\">Laura Vel\u00e1zquez<\/h1>\t\t\t\t<\/div>\n\t\t\t\t<\/div>\n\t\t\t\t\t<\/div>\n\t\t<\/div>\n\t\t\t\t\t<\/div>\n\t\t<\/section>\n\t\t\t\t<section class=\"elementor-section elementor-top-section elementor-element elementor-element-ba5cb65 elementor-section-boxed elementor-section-height-default elementor-section-height-default parallax_section_no qode_elementor_container_no\" data-id=\"ba5cb65\" data-element_type=\"section\" data-e-type=\"section\">\n\t\t\t\t\t\t<div class=\"elementor-container elementor-column-gap-default\">\n\t\t\t\t\t<div class=\"elementor-column elementor-col-50 elementor-top-column elementor-element elementor-element-191451a\" data-id=\"191451a\" data-element_type=\"column\" data-e-type=\"column\">\n\t\t\t<div class=\"elementor-widget-wrap elementor-element-populated\">\n\t\t\t\t\t\t<div class=\"elementor-element elementor-element-5d73d9f elementor-widget elementor-widget-text-editor\" data-id=\"5d73d9f\" data-element_type=\"widget\" data-e-type=\"widget\" data-widget_type=\"text-editor.default\">\n\t\t\t\t<div class=\"elementor-widget-container\">\n\t\t\t\t\t\t\t\t\t<h2 class=\"muj_dec_tit\" style=\"color: #3e1920; font-family: 'Baskvill';\">Meet Laura Vel\u00e1zquez Arjona<\/h2>\t\t\t\t\t\t\t\t<\/div>\n\t\t\t\t<\/div>\n\t\t\t\t<div class=\"elementor-element elementor-element-6301324 elementor-widget elementor-widget-text-editor\" data-id=\"6301324\" data-element_type=\"widget\" data-e-type=\"widget\" data-widget_type=\"text-editor.default\">\n\t\t\t\t<div class=\"elementor-widget-container\">\n\t\t\t\t\t\t\t\t\t<h2 class=\"lines-effects-muj-dec\" style=\"color: #3e1920;\">Doctor, health sector manager<br>\nBorn in \u00c1vila (Spain) in 1979<\/h2>\t\t\t\t\t\t\t\t<\/div>\n\t\t\t\t<\/div>\n\t\t\t\t\t<\/div>\n\t\t<\/div>\n\t\t\t\t<div class=\"elementor-column elementor-col-50 elementor-top-column elementor-element elementor-element-f816418\" data-id=\"f816418\" data-element_type=\"column\" data-e-type=\"column\">\n\t\t\t<div class=\"elementor-widget-wrap\">\n\t\t\t\t\t\t\t<\/div>\n\t\t<\/div>\n\t\t\t\t\t<\/div>\n\t\t<\/section>\n\t\t\t\t<section class=\"elementor-section elementor-top-section elementor-element elementor-element-53792c9 elementor-section-full_width elementor-section-content-middle elementor-section-stretched elementor-hidden-tablet elementor-hidden-mobile elementor-section-height-default elementor-section-height-default parallax_section_no qode_elementor_container_no\" data-id=\"53792c9\" data-element_type=\"section\" data-e-type=\"section\" data-settings=\"{&quot;stretch_section&quot;:&quot;section-stretched&quot;,&quot;background_background&quot;:&quot;classic&quot;}\">\n\t\t\t\t\t\t<div class=\"elementor-container elementor-column-gap-default\">\n\t\t\t\t\t<div class=\"elementor-column elementor-col-100 elementor-top-column elementor-element elementor-element-cec32f7\" data-id=\"cec32f7\" data-element_type=\"column\" data-e-type=\"column\">\n\t\t\t<div class=\"elementor-widget-wrap elementor-element-populated\">\n\t\t\t\t\t\t<section class=\"elementor-section elementor-inner-section elementor-element elementor-element-36f372c elementor-section-boxed elementor-section-height-default elementor-section-height-default parallax_section_no qode_elementor_container_no\" data-id=\"36f372c\" data-element_type=\"section\" data-e-type=\"section\">\n\t\t\t\t\t\t<div class=\"elementor-container elementor-column-gap-default\">\n\t\t\t\t\t<div class=\"elementor-column elementor-col-50 elementor-inner-column elementor-element elementor-element-76dd28c\" data-id=\"76dd28c\" data-element_type=\"column\" data-e-type=\"column\">\n\t\t\t<div class=\"elementor-widget-wrap elementor-element-populated\">\n\t\t\t\t\t\t<div class=\"elementor-element elementor-element-cc2a98f elementor-widget elementor-widget-image\" data-id=\"cc2a98f\" data-element_type=\"widget\" data-e-type=\"widget\" data-widget_type=\"image.default\">\n\t\t\t\t<div class=\"elementor-widget-container\">\n\t\t\t\t\t\t\t\t\t\t\t\t\t\t\t<img decoding=\"async\" src=\"https:\/\/dechavarri.es\/wp-content\/uploads\/elementor\/thumbs\/laura-velazquez-arjona-dechavarri-txt-2-q4h5707q7ufx4g4f84yi7kkukv5hv6mxrdi72vl21g.jpg\" title=\"laura-velazquez-arjona-dechavarri-txt-2\" alt=\"laura-velazquez-arjona-dechavarri-txt-2\" loading=\"lazy\" \/>\t\t\t\t\t\t\t\t\t\t\t\t\t\t\t<\/div>\n\t\t\t\t<\/div>\n\t\t\t\t<div class=\"elementor-element elementor-element-7fa3e54 elementor-widget elementor-widget-text-editor\" data-id=\"7fa3e54\" data-element_type=\"widget\" data-e-type=\"widget\" data-widget_type=\"text-editor.default\">\n\t\t\t\t<div class=\"elementor-widget-container\">\n\t\t\t\t\t\t\t\t\t<p style=\"font-family: trenda-regular; font-style: normal; font-size: 20px; color: #f7c8be; margin-bottom: 25px; line-height: 25px;\">Graduate in Medicine and Surgery, specializing in Family and Community Medicine, Master&#8217;s Degree in\nEmergency Medicine.<\/p>\n<p style=\"font-family: trenda-regular; font-style: normal; font-size: 20px; color: #f7c8be; margin-bottom: 25px; line-height: 25px;\">After years of working in hospital emergency departments, Laura began with team management, which\nprompted her to continue her training, completing the Executive Master in management of Healthcare\nOrganizations (EMDOS) at ESADE and Georgetown University, and later holding management positions in\na private hospital in Madrid, where she had to deal with the Covid 19 pandemic.<\/p>\n<p style=\"font-family: trenda-regular; font-style: normal; font-size: 20px; color: #f7c8be; margin-bottom: 25px; line-height: 25px;\">Laura has been our ship in the middle of the worst unimaginable storm, while she fought the same battle\nas the rest of the healthcare workers, she also built a ship where we could all be welcomed, not only staff,\nbut also patients&#8230; and she did not let the ship sink no matter how strong the waves were, how strong the\nwind, how tired to exhaustion, how discouraged, how afraid&#8230; and she did it discreetly and with dignity, like\neverything else in her life. Even more, with a smile, a hug, your great kindness towards everyone, your\nsteely determination but also your gentleness, your availability at any time, any day, your absolute\ndedication above all else to the work that had been entrusted to you and you did it with astonishing\nefficiency but also giving us all your most human side.<\/p>\n<p style=\"font-family: trenda-regular; font-style: normal; font-size: 20px; color: #f7c8be; margin-bottom: 25px; line-height: 25px;\">You left a part of yourself in the hospital, the mark of a leader but also the heart of a courageous, honorable,\nand beautiful woman.<\/p>\n<p style=\"font-family: trenda-regular; font-style: normal; font-size: 20px; color: #f7c8be; margin-bottom: 25px; line-height: 25px;\">There are no thanks in the world enough for you, there is nothing to match my admiration and gratitude, I\nonly hope that I can be part of the crew of your ship today and always, because I know that your ship is\nalways afloat.<\/p>\t\t\t\t\t\t\t\t<\/div>\n\t\t\t\t<\/div>\n\t\t\t\t\t<\/div>\n\t\t<\/div>\n\t\t\t\t<div class=\"elementor-column elementor-col-50 elementor-inner-column elementor-element elementor-element-21069a8\" data-id=\"21069a8\" data-element_type=\"column\" data-e-type=\"column\">\n\t\t\t<div class=\"elementor-widget-wrap elementor-element-populated\">\n\t\t\t\t\t\t<div class=\"elementor-element elementor-element-cdd6b52 elementor-widget elementor-widget-text-editor\" data-id=\"cdd6b52\" data-element_type=\"widget\" data-e-type=\"widget\" data-widget_type=\"text-editor.default\">\n\t\t\t\t<div class=\"elementor-widget-container\">\n\t\t\t\t\t\t\t\t\t<p class=\"nos_sub\" style=\"margin-bottom: 60px; font-family: 'trenda-regular' !important;\">\u201cMy two great passions since I was a child have been medicine and horses. I am a doctor, as was my\ngrandfather Jesus Velazquez, whom I have admired and loved since I can remember and from whom I\nlearned that a doctor must train throughout his life. I remember him every day of my life. Since I was a\nchild, I have had a special connection with horses and the most important thing is that thanks to them, I\nfound the love of my life, my partner, friend and father of my children Gonzalo Aboin.\u201d<\/p>\t\t\t\t\t\t\t\t<\/div>\n\t\t\t\t<\/div>\n\t\t\t\t<div class=\"elementor-element elementor-element-b1dba09 elementor-widget elementor-widget-image\" data-id=\"b1dba09\" data-element_type=\"widget\" data-e-type=\"widget\" data-widget_type=\"image.default\">\n\t\t\t\t<div class=\"elementor-widget-container\">\n\t\t\t\t\t\t\t\t\t\t\t\t\t\t\t<img decoding=\"async\" src=\"https:\/\/dechavarri.es\/wp-content\/uploads\/2022\/03\/laura-velazquez-arjona-dechavarri-txt.jpg\" title=\"laura-velazquez-arjona-dechavarri-txt\" alt=\"laura-velazquez-arjona-dechavarri-txt\" loading=\"lazy\" \/>\t\t\t\t\t\t\t\t\t\t\t\t\t\t\t<\/div>\n\t\t\t\t<\/div>\n\t\t\t\t\t<\/div>\n\t\t<\/div>\n\t\t\t\t\t<\/div>\n\t\t<\/section>\n\t\t\t\t<section class=\"elementor-section elementor-inner-section elementor-element elementor-element-df5ec96 elementor-section-boxed elementor-section-height-default elementor-section-height-default parallax_section_no qode_elementor_container_no\" data-id=\"df5ec96\" data-element_type=\"section\" data-e-type=\"section\">\n\t\t\t\t\t\t<div class=\"elementor-container elementor-column-gap-default\">\n\t\t\t\t\t<div class=\"elementor-column elementor-col-100 elementor-inner-column elementor-element elementor-element-eaae23f\" data-id=\"eaae23f\" data-element_type=\"column\" data-e-type=\"column\">\n\t\t\t<div class=\"elementor-widget-wrap elementor-element-populated\">\n\t\t\t\t\t\t<div class=\"elementor-element elementor-element-d45e26e elementor-widget elementor-widget-image\" data-id=\"d45e26e\" data-element_type=\"widget\" data-e-type=\"widget\" data-widget_type=\"image.default\">\n\t\t\t\t<div class=\"elementor-widget-container\">\n\t\t\t\t\t\t\t\t\t\t\t\t\t\t\t<img decoding=\"async\" src=\"https:\/\/dechavarri.es\/wp-content\/uploads\/elementor\/thumbs\/grracias-dechavarri-negro-scaled-r9c13ykh8uv66mbcnxksciq32tbz2p9fsgb451ds2w.png\" title=\"grracias dechavarri negro\" alt=\"grracias dechavarri negro\" loading=\"lazy\" \/>\t\t\t\t\t\t\t\t\t\t\t\t\t\t\t<\/div>\n\t\t\t\t<\/div>\n\t\t\t\t\t<\/div>\n\t\t<\/div>\n\t\t\t\t\t<\/div>\n\t\t<\/section>\n\t\t\t\t\t<\/div>\n\t\t<\/div>\n\t\t\t\t\t<\/div>\n\t\t<\/section>\n\t\t\t\t<section class=\"elementor-section elementor-top-section elementor-element elementor-element-65f09a9 elementor-section-full_width elementor-section-content-middle elementor-section-stretched elementor-hidden-desktop elementor-section-height-default elementor-section-height-default parallax_section_no qode_elementor_container_no\" data-id=\"65f09a9\" data-element_type=\"section\" data-e-type=\"section\" data-settings=\"{&quot;stretch_section&quot;:&quot;section-stretched&quot;,&quot;background_background&quot;:&quot;classic&quot;}\">\n\t\t\t\t\t\t<div class=\"elementor-container elementor-column-gap-default\">\n\t\t\t\t\t<div class=\"elementor-column elementor-col-100 elementor-top-column elementor-element elementor-element-3175a48\" data-id=\"3175a48\" data-element_type=\"column\" data-e-type=\"column\">\n\t\t\t<div class=\"elementor-widget-wrap elementor-element-populated\">\n\t\t\t\t\t\t<div class=\"elementor-element elementor-element-5c9895c elementor-widget elementor-widget-text-editor\" data-id=\"5c9895c\" data-element_type=\"widget\" data-e-type=\"widget\" data-widget_type=\"text-editor.default\">\n\t\t\t\t<div class=\"elementor-widget-container\">\n\t\t\t\t\t\t\t\t\t<p class=\"nos_sub\" style=\"margin-bottom: 60px;\">\u201cMy two great passions since I was a child have been medicine and horses. I am a doctor, as was my\ngrandfather Jesus Velazquez, whom I have admired and loved since I can remember and from whom I\nlearned that a doctor must train throughout his life. I remember him every day of my life. Since I was a\nchild, I have had a special connection with horses and the most important thing is that thanks to them, I\nfound the love of my life, my partner, friend and father of my children Gonzalo Aboin.\u201d<\/p>\t\t\t\t\t\t\t\t<\/div>\n\t\t\t\t<\/div>\n\t\t\t\t<div class=\"elementor-element elementor-element-fce127b elementor-widget elementor-widget-image\" data-id=\"fce127b\" data-element_type=\"widget\" data-e-type=\"widget\" data-widget_type=\"image.default\">\n\t\t\t\t<div class=\"elementor-widget-container\">\n\t\t\t\t\t\t\t\t\t\t\t\t\t\t\t<img fetchpriority=\"high\" decoding=\"async\" width=\"933\" height=\"1400\" src=\"https:\/\/dechavarri.es\/wp-content\/uploads\/2022\/03\/laura-velazquez-arjona-dechavarri-txt-2.jpg\" class=\"attachment-full size-full wp-image-6254\" alt=\"\" srcset=\"https:\/\/dechavarri.es\/wp-content\/uploads\/2022\/03\/laura-velazquez-arjona-dechavarri-txt-2.jpg 933w, https:\/\/dechavarri.es\/wp-content\/uploads\/2022\/03\/laura-velazquez-arjona-dechavarri-txt-2-600x900.jpg 600w\" sizes=\"(max-width: 933px) 100vw, 933px\" \/>\t\t\t\t\t\t\t\t\t\t\t\t\t\t\t<\/div>\n\t\t\t\t<\/div>\n\t\t\t\t<div class=\"elementor-element elementor-element-09dbee3 elementor-widget elementor-widget-text-editor\" data-id=\"09dbee3\" data-element_type=\"widget\" data-e-type=\"widget\" data-widget_type=\"text-editor.default\">\n\t\t\t\t<div class=\"elementor-widget-container\">\n\t\t\t\t\t\t\t\t\t<p class=\"jd_text_mv\" style=\"color: #f7c8be;\">Graduate in Medicine and Surgery, specializing in Family and Community Medicine, Master&#8217;s Degree in\nEmergency Medicine.<\/p>\n<p class=\"jd_text_mv\" style=\"color: #f7c8be;\">After years of working in hospital emergency departments, Laura began with team management, which\nprompted her to continue her training, completing the Executive Master in management of Healthcare\nOrganizations (EMDOS) at ESADE and Georgetown University, and later holding management positions in\na private hospital in Madrid, where she had to deal with the Covid 19 pandemic.<\/p>\n<p class=\"jd_text_mv\" style=\"color: #f7c8be;\">Laura has been our ship in the middle of the worst unimaginable storm, while she fought the same battle\nas the rest of the healthcare workers, she also built a ship where we could all be welcomed, not only staff,\nbut also patients&#8230; and she did not let the ship sink no matter how strong the waves were, how strong the\nwind, how tired to exhaustion, how discouraged, how afraid&#8230; and she did it discreetly and with dignity, like\neverything else in her life. Even more, with a smile, a hug, your great kindness towards everyone, your\nsteely determination but also your gentleness, your availability at any time, any day, your absolute\ndedication above all else to the work that had been entrusted to you and you did it with astonishing\nefficiency but also giving us all your most human side.<\/p>\n<p class=\"jd_text_mv\" style=\"color: #f7c8be;\">You left a part of yourself in the hospital, the mark of a leader but also the heart of a courageous, honorable,\nand beautiful woman.<\/p>\n<p class=\"jd_text_mv\" style=\"color: #f7c8be;\">There are no thanks in the world enough for you, there is nothing to match my admiration and gratitude, I\nonly hope that I can be part of the crew of your ship today and always, because I know that your ship is\nalways afloat.<\/p>\t\t\t\t\t\t\t\t<\/div>\n\t\t\t\t<\/div>\n\t\t\t\t<div class=\"elementor-element elementor-element-6921ef0 elementor-widget elementor-widget-image\" data-id=\"6921ef0\" data-element_type=\"widget\" data-e-type=\"widget\" data-widget_type=\"image.default\">\n\t\t\t\t<div class=\"elementor-widget-container\">\n\t\t\t\t\t\t\t\t\t\t\t\t\t\t\t<img decoding=\"async\" width=\"933\" height=\"1400\" src=\"https:\/\/dechavarri.es\/wp-content\/uploads\/2022\/03\/laura-velazquez-arjona-dechavarri-txt.jpg\" class=\"attachment-full size-full wp-image-6253\" alt=\"\" srcset=\"https:\/\/dechavarri.es\/wp-content\/uploads\/2022\/03\/laura-velazquez-arjona-dechavarri-txt.jpg 933w, https:\/\/dechavarri.es\/wp-content\/uploads\/2022\/03\/laura-velazquez-arjona-dechavarri-txt-600x900.jpg 600w\" sizes=\"(max-width: 933px) 100vw, 933px\" \/>\t\t\t\t\t\t\t\t\t\t\t\t\t\t\t<\/div>\n\t\t\t\t<\/div>\n\t\t\t\t<div class=\"elementor-element elementor-element-2828102 elementor-widget elementor-widget-image\" data-id=\"2828102\" data-element_type=\"widget\" data-e-type=\"widget\" data-widget_type=\"image.default\">\n\t\t\t\t<div class=\"elementor-widget-container\">\n\t\t\t\t\t\t\t\t\t\t\t\t\t\t\t<img decoding=\"async\" src=\"https:\/\/dechavarri.es\/wp-content\/uploads\/elementor\/thumbs\/grracias-dechavarri-negro-scaled-r9c13ykg1033o195tpgshsexhjbu1442rou5oqa580.png\" title=\"grracias dechavarri negro\" alt=\"grracias dechavarri negro\" loading=\"lazy\" \/>\t\t\t\t\t\t\t\t\t\t\t\t\t\t\t<\/div>\n\t\t\t\t<\/div>\n\t\t\t\t\t<\/div>\n\t\t<\/div>\n\t\t\t\t\t<\/div>\n\t\t<\/section>\n\t\t\t\t<section class=\"elementor-section elementor-top-section elementor-element elementor-element-ac57ee9 elementor-section-full_width display_row elementor-section-height-default elementor-section-height-default parallax_section_no qode_elementor_container_no\" data-id=\"ac57ee9\" data-element_type=\"section\" data-e-type=\"section\">\n\t\t\t\t\t\t<div class=\"elementor-container elementor-column-gap-no\">\n\t\t\t\t\t<div class=\"elementor-column elementor-col-100 elementor-top-column elementor-element elementor-element-4cac7c1\" data-id=\"4cac7c1\" data-element_type=\"column\" data-e-type=\"column\">\n\t\t\t<div class=\"elementor-widget-wrap elementor-element-populated\">\n\t\t\t\t\t\t<div class=\"elementor-element elementor-element-d91cd2b elementor-widget elementor-widget-image\" data-id=\"d91cd2b\" data-element_type=\"widget\" data-e-type=\"widget\" data-widget_type=\"image.default\">\n\t\t\t\t<div class=\"elementor-widget-container\">\n\t\t\t\t\t\t\t\t\t\t\t\t\t\t\t<img decoding=\"async\" src=\"https:\/\/dechavarri.es\/wp-content\/uploads\/2020\/07\/map.jpg\" title=\"\" alt=\"\" loading=\"lazy\" \/>\t\t\t\t\t\t\t\t\t\t\t\t\t\t\t<\/div>\n\t\t\t\t<\/div>\n\t\t\t\t\t<\/div>\n\t\t<\/div>\n\t\t\t\t\t<\/div>\n\t\t<\/section>\n\t\t\t\t<\/div>\n\t\t","protected":false},"excerpt":{"rendered":"<p>Laura Vel\u00e1zquez Meet Laura Vel\u00e1zquez Arjona Doctor, health sector manager Born in \u00c1vila (Spain) in 1979 Graduate in Medicine and Surgery, specializing in Family and Community Medicine, Master&#8217;s Degree in Emergency Medicine. After years of working in hospital emergency departments, Laura began with team management,&#8230;<\/p>\n","protected":false},"author":5,"featured_media":0,"parent":0,"menu_order":0,"comment_status":"closed","ping_status":"closed","template":"full_width.php","meta":{"_joinchat":[],"footnotes":""},"class_list":["post-6865","page","type-page","status-publish","hentry"],"_links":{"self":[{"href":"https:\/\/dechavarri.es\/en\/wp-json\/wp\/v2\/pages\/6865","targetHints":{"allow":["GET"]}}],"collection":[{"href":"https:\/\/dechavarri.es\/en\/wp-json\/wp\/v2\/pages"}],"about":[{"href":"https:\/\/dechavarri.es\/en\/wp-json\/wp\/v2\/types\/page"}],"author":[{"embeddable":true,"href":"https:\/\/dechavarri.es\/en\/wp-json\/wp\/v2\/users\/5"}],"replies":[{"embeddable":true,"href":"https:\/\/dechavarri.es\/en\/wp-json\/wp\/v2\/comments?post=6865"}],"version-history":[{"count":7,"href":"https:\/\/dechavarri.es\/en\/wp-json\/wp\/v2\/pages\/6865\/revisions"}],"predecessor-version":[{"id":8030,"href":"https:\/\/dechavarri.es\/en\/wp-json\/wp\/v2\/pages\/6865\/revisions\/8030"}],"wp:attachment":[{"href":"https:\/\/dechavarri.es\/en\/wp-json\/wp\/v2\/media?parent=6865"}],"curies":[{"name":"wp","href":"https:\/\/api.w.org\/{rel}","templated":true}]}}