{"id":6858,"date":"2022-11-10T17:10:42","date_gmt":"2022-11-10T17:10:42","guid":{"rendered":"https:\/\/dechavarri.es\/?page_id=6858"},"modified":"2022-11-10T17:14:54","modified_gmt":"2022-11-10T17:14:54","slug":"maria-navarro-reverter-garcia-german","status":"publish","type":"page","link":"https:\/\/dechavarri.es\/en\/maria-navarro-reverter-garcia-german\/","title":{"rendered":"Mar\u00eda Navarro-Reverter Garc\u00eda-Germ\u00e1n"},"content":{"rendered":"\t\t<div data-elementor-type=\"wp-page\" data-elementor-id=\"6858\" class=\"elementor elementor-6858\" data-elementor-post-type=\"page\">\n\t\t\t\t\t\t<section class=\"elementor-section elementor-top-section elementor-element elementor-element-afd7e9d elementor-section-full_width elementor-section-height-min-height elementor-section-content-middle elementor-section-stretched elementor-section-height-default elementor-section-items-middle parallax_section_no qode_elementor_container_no\" data-id=\"afd7e9d\" data-element_type=\"section\" data-e-type=\"section\" data-settings=\"{&quot;stretch_section&quot;:&quot;section-stretched&quot;,&quot;background_background&quot;:&quot;classic&quot;}\">\n\t\t\t\t\t\t\t<div class=\"elementor-background-overlay\"><\/div>\n\t\t\t\t\t\t\t<div class=\"elementor-container elementor-column-gap-default\">\n\t\t\t\t\t<div class=\"elementor-column elementor-col-100 elementor-top-column elementor-element elementor-element-df09dd6\" data-id=\"df09dd6\" data-element_type=\"column\" data-e-type=\"column\">\n\t\t\t<div class=\"elementor-widget-wrap elementor-element-populated\">\n\t\t\t\t\t\t<div class=\"elementor-element elementor-element-c00a519 elementor-widget elementor-widget-heading\" data-id=\"c00a519\" data-element_type=\"widget\" data-e-type=\"widget\" data-widget_type=\"heading.default\">\n\t\t\t\t<div class=\"elementor-widget-container\">\n\t\t\t\t\t<h1 class=\"elementor-heading-title elementor-size-default\">Mar\u00eda Navarro-Reverter<\/h1>\t\t\t\t<\/div>\n\t\t\t\t<\/div>\n\t\t\t\t\t<\/div>\n\t\t<\/div>\n\t\t\t\t\t<\/div>\n\t\t<\/section>\n\t\t\t\t<section class=\"elementor-section elementor-top-section elementor-element elementor-element-ba5cb65 elementor-section-boxed elementor-section-height-default elementor-section-height-default parallax_section_no qode_elementor_container_no\" data-id=\"ba5cb65\" data-element_type=\"section\" data-e-type=\"section\">\n\t\t\t\t\t\t<div class=\"elementor-container elementor-column-gap-default\">\n\t\t\t\t\t<div class=\"elementor-column elementor-col-50 elementor-top-column elementor-element elementor-element-191451a\" data-id=\"191451a\" data-element_type=\"column\" data-e-type=\"column\">\n\t\t\t<div class=\"elementor-widget-wrap elementor-element-populated\">\n\t\t\t\t\t\t<div class=\"elementor-element elementor-element-5d73d9f elementor-widget elementor-widget-text-editor\" data-id=\"5d73d9f\" data-element_type=\"widget\" data-e-type=\"widget\" data-widget_type=\"text-editor.default\">\n\t\t\t\t<div class=\"elementor-widget-container\">\n\t\t\t\t\t\t\t\t\t<h2 class=\"muj_dec_tit\" style=\"color: #be6567;\">Meet Mar\u00eda<br>Navarro-Reverter<\/h2>\t\t\t\t\t\t\t\t<\/div>\n\t\t\t\t<\/div>\n\t\t\t\t<div class=\"elementor-element elementor-element-6301324 elementor-widget elementor-widget-text-editor\" data-id=\"6301324\" data-element_type=\"widget\" data-e-type=\"widget\" data-widget_type=\"text-editor.default\">\n\t\t\t\t<div class=\"elementor-widget-container\">\n\t\t\t\t\t\t\t\t\t<h2 class=\"lines-effects-muj-dec\" style=\"color: #be6567;\">Art appraiser<br>\nBorn in Madrid (Spain) in 1969<\/h2>\t\t\t\t\t\t\t\t<\/div>\n\t\t\t\t<\/div>\n\t\t\t\t\t<\/div>\n\t\t<\/div>\n\t\t\t\t<div class=\"elementor-column elementor-col-50 elementor-top-column elementor-element elementor-element-f816418\" data-id=\"f816418\" data-element_type=\"column\" data-e-type=\"column\">\n\t\t\t<div class=\"elementor-widget-wrap\">\n\t\t\t\t\t\t\t<\/div>\n\t\t<\/div>\n\t\t\t\t\t<\/div>\n\t\t<\/section>\n\t\t\t\t<section class=\"elementor-section elementor-top-section elementor-element elementor-element-53792c9 elementor-section-full_width elementor-section-content-middle elementor-section-stretched elementor-hidden-tablet elementor-hidden-mobile elementor-section-height-default elementor-section-height-default parallax_section_no qode_elementor_container_no\" data-id=\"53792c9\" data-element_type=\"section\" data-e-type=\"section\" data-settings=\"{&quot;stretch_section&quot;:&quot;section-stretched&quot;,&quot;background_background&quot;:&quot;classic&quot;}\">\n\t\t\t\t\t\t<div class=\"elementor-container elementor-column-gap-default\">\n\t\t\t\t\t<div class=\"elementor-column elementor-col-100 elementor-top-column elementor-element elementor-element-cec32f7\" data-id=\"cec32f7\" data-element_type=\"column\" data-e-type=\"column\">\n\t\t\t<div class=\"elementor-widget-wrap elementor-element-populated\">\n\t\t\t\t\t\t<section class=\"elementor-section elementor-inner-section elementor-element elementor-element-36f372c elementor-section-boxed elementor-section-height-default elementor-section-height-default parallax_section_no qode_elementor_container_no\" data-id=\"36f372c\" data-element_type=\"section\" data-e-type=\"section\">\n\t\t\t\t\t\t<div class=\"elementor-container elementor-column-gap-default\">\n\t\t\t\t\t<div class=\"elementor-column elementor-col-50 elementor-inner-column elementor-element elementor-element-76dd28c\" data-id=\"76dd28c\" data-element_type=\"column\" data-e-type=\"column\">\n\t\t\t<div class=\"elementor-widget-wrap\">\n\t\t\t\t\t\t\t<\/div>\n\t\t<\/div>\n\t\t\t\t<div class=\"elementor-column elementor-col-50 elementor-inner-column elementor-element elementor-element-21069a8\" data-id=\"21069a8\" data-element_type=\"column\" data-e-type=\"column\">\n\t\t\t<div class=\"elementor-widget-wrap elementor-element-populated\">\n\t\t\t\t\t\t<div class=\"elementor-element elementor-element-cdd6b52 elementor-widget elementor-widget-text-editor\" data-id=\"cdd6b52\" data-element_type=\"widget\" data-e-type=\"widget\" data-widget_type=\"text-editor.default\">\n\t\t\t\t<div class=\"elementor-widget-container\">\n\t\t\t\t\t\t\t\t\t<p class=\"nos_sub\" style=\"font-family: 'trenda-regular' !important;\">\u201cMy work allows me to be surrounded by beauty, it gives me great satisfaction to be able to discover the\nstory behind each piece I study, and they never cease to amaze me, which makes me feel privileged\u201d<\/p>\t\t\t\t\t\t\t\t<\/div>\n\t\t\t\t<\/div>\n\t\t\t\t\t<\/div>\n\t\t<\/div>\n\t\t\t\t\t<\/div>\n\t\t<\/section>\n\t\t\t\t<section class=\"elementor-section elementor-inner-section elementor-element elementor-element-65002cc elementor-section-boxed elementor-section-height-default elementor-section-height-default parallax_section_no qode_elementor_container_no\" data-id=\"65002cc\" data-element_type=\"section\" data-e-type=\"section\">\n\t\t\t\t\t\t<div class=\"elementor-container elementor-column-gap-default\">\n\t\t\t\t\t<div class=\"elementor-column elementor-col-50 elementor-inner-column elementor-element elementor-element-387931c\" data-id=\"387931c\" data-element_type=\"column\" data-e-type=\"column\">\n\t\t\t<div class=\"elementor-widget-wrap elementor-element-populated\">\n\t\t\t\t\t\t<div class=\"elementor-element elementor-element-6073fdf elementor-widget elementor-widget-image\" data-id=\"6073fdf\" data-element_type=\"widget\" data-e-type=\"widget\" data-widget_type=\"image.default\">\n\t\t\t\t<div class=\"elementor-widget-container\">\n\t\t\t\t\t\t\t\t\t\t\t\t\t\t\t<img decoding=\"async\" src=\"https:\/\/dechavarri.es\/wp-content\/uploads\/2022\/03\/maria-navarro-reverter-txt.jpg\" title=\"maria-navarro-reverter-txt\" alt=\"maria-navarro-reverter-txt\" loading=\"lazy\" \/>\t\t\t\t\t\t\t\t\t\t\t\t\t\t\t<\/div>\n\t\t\t\t<\/div>\n\t\t\t\t\t<\/div>\n\t\t<\/div>\n\t\t\t\t<div class=\"elementor-column elementor-col-50 elementor-inner-column elementor-element elementor-element-c9326d4\" data-id=\"c9326d4\" data-element_type=\"column\" data-e-type=\"column\">\n\t\t\t<div class=\"elementor-widget-wrap elementor-element-populated\">\n\t\t\t\t\t\t<div class=\"elementor-element elementor-element-5303d61 elementor-widget elementor-widget-text-editor\" data-id=\"5303d61\" data-element_type=\"widget\" data-e-type=\"widget\" data-widget_type=\"text-editor.default\">\n\t\t\t\t<div class=\"elementor-widget-container\">\n\t\t\t\t\t\t\t\t\t<p style=\"font-family: trenda-regular; font-style: normal; font-size: 20px; color: #3e1920; margin-bottom: 25px; line-height: 25px;\">She has a degree in Geography and History, specializing in Art History, from the Complutense University of\nMadrid. With more than 25 years of experience in the appraisal and expert appraisal of works of art in\nauction houses, her professional life has been spent mainly in the Ansorena auction house where she also\nworked as an auctioneer. She has now started her own personal and professional project of appraising\nworks of art for wealth management and sales, inheritance distributions, insurance&#8230;<\/p>\n<p style=\"font-family: trenda-regular; font-style: normal; font-size: 20px; color: #3e1920; margin-bottom: 25px; line-height: 25px;\">Maria knows the essence of life, she does not get lost in banalities, she always chooses the main road, she\ndoes not take shortcuts, she does not hesitate, her walk is sure, and firm and she always lets herself be\nguided by her internal compass, a compass that always seeks authenticity. This is how she has become\nessentially authentic. There is nothing superfluous about her, not a single loophole.<\/p>\n<p style=\"font-family: trenda-regular; font-style: normal; font-size: 20px; color: #3e1920; margin-bottom: 25px; line-height: 25px;\">Her authenticity is based on the search for beauty in art as well as in human beings &#8211; after all, art is human&#8217;s\ncreation.<\/p>\n<p style=\"font-family: trenda-regular; font-style: normal; font-size: 20px; color: #3e1920; margin-bottom: 25px; line-height: 25px;\">Maria treats her friends and loves ones like works of art, she seeks them out, studies their history, knows\nthem well and then searches for their deepest beauty, enjoys it and shows it to you, she gives you back\nyour own beauty in the form of the gift of her friendship.<\/p>\n<p style=\"font-family: trenda-regular; font-style: normal; font-size: 20px; color: #3e1920; margin-bottom: 25px; line-height: 25px;\">She says to you &#8220;Do you see that work of art? It&#8217;s you&#8221;.<\/p>\t\t\t\t\t\t\t\t<\/div>\n\t\t\t\t<\/div>\n\t\t\t\t\t<\/div>\n\t\t<\/div>\n\t\t\t\t\t<\/div>\n\t\t<\/section>\n\t\t\t\t<section class=\"elementor-section elementor-inner-section elementor-element elementor-element-df5ec96 elementor-section-boxed elementor-section-height-default elementor-section-height-default parallax_section_no qode_elementor_container_no\" data-id=\"df5ec96\" data-element_type=\"section\" data-e-type=\"section\">\n\t\t\t\t\t\t<div class=\"elementor-container elementor-column-gap-default\">\n\t\t\t\t\t<div class=\"elementor-column elementor-col-100 elementor-inner-column elementor-element elementor-element-eaae23f\" data-id=\"eaae23f\" data-element_type=\"column\" data-e-type=\"column\">\n\t\t\t<div class=\"elementor-widget-wrap elementor-element-populated\">\n\t\t\t\t\t\t<div class=\"elementor-element elementor-element-86d28d6 elementor-widget elementor-widget-image\" data-id=\"86d28d6\" data-element_type=\"widget\" data-e-type=\"widget\" data-widget_type=\"image.default\">\n\t\t\t\t<div class=\"elementor-widget-container\">\n\t\t\t\t\t\t\t\t\t\t\t\t\t\t\t<img fetchpriority=\"high\" decoding=\"async\" width=\"768\" height=\"512\" src=\"https:\/\/dechavarri.es\/wp-content\/uploads\/2022\/03\/maria-navarro-reverter-txt-1.jpg\" class=\"attachment-medium_large size-medium_large wp-image-6247\" alt=\"\" srcset=\"https:\/\/dechavarri.es\/wp-content\/uploads\/2022\/03\/maria-navarro-reverter-txt-1.jpg 1400w, https:\/\/dechavarri.es\/wp-content\/uploads\/2022\/03\/maria-navarro-reverter-txt-1-600x400.jpg 600w\" sizes=\"(max-width: 768px) 100vw, 768px\" \/>\t\t\t\t\t\t\t\t\t\t\t\t\t\t\t<\/div>\n\t\t\t\t<\/div>\n\t\t\t\t<div class=\"elementor-element elementor-element-d45e26e elementor-widget elementor-widget-image\" data-id=\"d45e26e\" data-element_type=\"widget\" data-e-type=\"widget\" data-widget_type=\"image.default\">\n\t\t\t\t<div class=\"elementor-widget-container\">\n\t\t\t\t\t\t\t\t\t\t\t\t\t\t\t<img decoding=\"async\" width=\"300\" height=\"36\" src=\"https:\/\/dechavarri.es\/wp-content\/uploads\/2022\/03\/grracias_dechavarri_blanco-scaled.png\" class=\"attachment-medium size-medium wp-image-6231\" alt=\"\" srcset=\"https:\/\/dechavarri.es\/wp-content\/uploads\/2022\/03\/grracias_dechavarri_blanco-scaled.png 2560w, https:\/\/dechavarri.es\/wp-content\/uploads\/2022\/03\/grracias_dechavarri_blanco-scaled-600x72.png 600w\" sizes=\"(max-width: 300px) 100vw, 300px\" \/>\t\t\t\t\t\t\t\t\t\t\t\t\t\t\t<\/div>\n\t\t\t\t<\/div>\n\t\t\t\t\t<\/div>\n\t\t<\/div>\n\t\t\t\t\t<\/div>\n\t\t<\/section>\n\t\t\t\t\t<\/div>\n\t\t<\/div>\n\t\t\t\t\t<\/div>\n\t\t<\/section>\n\t\t\t\t<section class=\"elementor-section elementor-top-section elementor-element elementor-element-dd5b694 elementor-section-full_width elementor-section-content-middle elementor-section-stretched elementor-hidden-desktop elementor-section-height-default elementor-section-height-default parallax_section_no qode_elementor_container_no\" data-id=\"dd5b694\" data-element_type=\"section\" data-e-type=\"section\" data-settings=\"{&quot;stretch_section&quot;:&quot;section-stretched&quot;,&quot;background_background&quot;:&quot;classic&quot;}\">\n\t\t\t\t\t\t<div class=\"elementor-container elementor-column-gap-default\">\n\t\t\t\t\t<div class=\"elementor-column elementor-col-100 elementor-top-column elementor-element elementor-element-87f16f2\" data-id=\"87f16f2\" data-element_type=\"column\" data-e-type=\"column\">\n\t\t\t<div class=\"elementor-widget-wrap elementor-element-populated\">\n\t\t\t\t\t\t<div class=\"elementor-element elementor-element-b9b3016 elementor-widget elementor-widget-text-editor\" data-id=\"b9b3016\" data-element_type=\"widget\" data-e-type=\"widget\" data-widget_type=\"text-editor.default\">\n\t\t\t\t<div class=\"elementor-widget-container\">\n\t\t\t\t\t\t\t\t\t<p class=\"nos_sub\">\u201cMy work allows me to be surrounded by beauty, it gives me great satisfaction to be able to discover the\nstory behind each piece I study, and they never cease to amaze me, which makes me feel privileged.\u201d<\/p>\t\t\t\t\t\t\t\t<\/div>\n\t\t\t\t<\/div>\n\t\t\t\t<div class=\"elementor-element elementor-element-c9fc760 elementor-widget elementor-widget-image\" data-id=\"c9fc760\" data-element_type=\"widget\" data-e-type=\"widget\" data-widget_type=\"image.default\">\n\t\t\t\t<div class=\"elementor-widget-container\">\n\t\t\t\t\t\t\t\t\t\t\t\t\t\t\t<img decoding=\"async\" width=\"933\" height=\"1400\" src=\"https:\/\/dechavarri.es\/wp-content\/uploads\/2022\/03\/maria-navarro-reverter-txt.jpg\" class=\"attachment-full size-full wp-image-6246\" alt=\"\" srcset=\"https:\/\/dechavarri.es\/wp-content\/uploads\/2022\/03\/maria-navarro-reverter-txt.jpg 933w, https:\/\/dechavarri.es\/wp-content\/uploads\/2022\/03\/maria-navarro-reverter-txt-600x900.jpg 600w\" sizes=\"(max-width: 933px) 100vw, 933px\" \/>\t\t\t\t\t\t\t\t\t\t\t\t\t\t\t<\/div>\n\t\t\t\t<\/div>\n\t\t\t\t<div class=\"elementor-element elementor-element-70c4204 elementor-widget elementor-widget-text-editor\" data-id=\"70c4204\" data-element_type=\"widget\" data-e-type=\"widget\" data-widget_type=\"text-editor.default\">\n\t\t\t\t<div class=\"elementor-widget-container\">\n\t\t\t\t\t\t\t\t\t<p style=\"font-family: trenda-regular; font-style: normal; font-size: 18px; color: #3e1920; margin-bottom: 25px; line-height: 23px;\">She has a degree in Geography and History, specializing in Art History, from the Complutense University of\nMadrid. With more than 25 years of experience in the appraisal and expert appraisal of works of art in\nauction houses, her professional life has been spent mainly in the Ansorena auction house where she also\nworked as an auctioneer. She has now started her own personal and professional project of appraising\nworks of art for wealth management and sales, inheritance distributions, insurance&#8230;<\/p>\n<p style=\"font-family: trenda-regular; font-style: normal; font-size: 18px; color: #3e1920; margin-bottom: 25px; line-height: 23px;\">Maria knows the essence of life, she does not get lost in banalities, she always chooses the main road, she\ndoes not take shortcuts, she does not hesitate, her walk is sure, and firm and she always lets herself be\nguided by her internal compass, a compass that always seeks authenticity. This is how she has become\nessentially authentic. There is nothing superfluous about her, not a single loophole.<\/p>\n<p style=\"font-family: trenda-regular; font-style: normal; font-size: 18px; color: #3e1920; margin-bottom: 25px; line-height: 23px;\">Her authenticity is based on the search for beauty in art as well as in human beings &#8211; after all, art is human&#8217;s\ncreation.<\/p>\n<p style=\"font-family: trenda-regular; font-style: normal; font-size: 18px; color: #3e1920; margin-bottom: 25px; line-height: 23px;\">Maria treats her friends and loves ones like works of art, she seeks them out, studies their history, knows\nthem well and then searches for their deepest beauty, enjoys it and shows it to you, she gives you back\nyour own beauty in the form of the gift of her friendship.<\/p>\n<p style=\"font-family: trenda-regular; font-style: normal; font-size: 18px; color: #3e1920; margin-bottom: 25px; line-height: 23px;\">She says to you &#8220;Do you see that work of art? It&#8217;s you&#8221;.<\/p>\t\t\t\t\t\t\t\t<\/div>\n\t\t\t\t<\/div>\n\t\t\t\t<div class=\"elementor-element elementor-element-2268924 elementor-widget elementor-widget-image\" data-id=\"2268924\" data-element_type=\"widget\" data-e-type=\"widget\" data-widget_type=\"image.default\">\n\t\t\t\t<div class=\"elementor-widget-container\">\n\t\t\t\t\t\t\t\t\t\t\t\t\t\t\t<img loading=\"lazy\" decoding=\"async\" width=\"1400\" height=\"933\" src=\"https:\/\/dechavarri.es\/wp-content\/uploads\/2022\/03\/maria-navarro-reverter-txt-1.jpg\" class=\"attachment-full size-full wp-image-6247\" alt=\"\" srcset=\"https:\/\/dechavarri.es\/wp-content\/uploads\/2022\/03\/maria-navarro-reverter-txt-1.jpg 1400w, https:\/\/dechavarri.es\/wp-content\/uploads\/2022\/03\/maria-navarro-reverter-txt-1-600x400.jpg 600w\" sizes=\"(max-width: 1400px) 100vw, 1400px\" \/>\t\t\t\t\t\t\t\t\t\t\t\t\t\t\t<\/div>\n\t\t\t\t<\/div>\n\t\t\t\t<div class=\"elementor-element elementor-element-8c18024 elementor-widget elementor-widget-image\" data-id=\"8c18024\" data-element_type=\"widget\" data-e-type=\"widget\" data-widget_type=\"image.default\">\n\t\t\t\t<div class=\"elementor-widget-container\">\n\t\t\t\t\t\t\t\t\t\t\t\t\t\t\t<img decoding=\"async\" width=\"300\" height=\"36\" src=\"https:\/\/dechavarri.es\/wp-content\/uploads\/2022\/03\/grracias_dechavarri_blanco-scaled.png\" class=\"attachment-medium size-medium wp-image-6231\" alt=\"\" srcset=\"https:\/\/dechavarri.es\/wp-content\/uploads\/2022\/03\/grracias_dechavarri_blanco-scaled.png 2560w, https:\/\/dechavarri.es\/wp-content\/uploads\/2022\/03\/grracias_dechavarri_blanco-scaled-600x72.png 600w\" sizes=\"(max-width: 300px) 100vw, 300px\" \/>\t\t\t\t\t\t\t\t\t\t\t\t\t\t\t<\/div>\n\t\t\t\t<\/div>\n\t\t\t\t\t<\/div>\n\t\t<\/div>\n\t\t\t\t\t<\/div>\n\t\t<\/section>\n\t\t\t\t<section class=\"elementor-section elementor-top-section elementor-element elementor-element-ac57ee9 elementor-section-full_width display_row elementor-section-height-default elementor-section-height-default parallax_section_no qode_elementor_container_no\" data-id=\"ac57ee9\" data-element_type=\"section\" data-e-type=\"section\">\n\t\t\t\t\t\t<div class=\"elementor-container elementor-column-gap-no\">\n\t\t\t\t\t<div class=\"elementor-column elementor-col-100 elementor-top-column elementor-element elementor-element-4cac7c1\" data-id=\"4cac7c1\" data-element_type=\"column\" data-e-type=\"column\">\n\t\t\t<div class=\"elementor-widget-wrap elementor-element-populated\">\n\t\t\t\t\t\t<div class=\"elementor-element elementor-element-d91cd2b elementor-widget elementor-widget-image\" data-id=\"d91cd2b\" data-element_type=\"widget\" data-e-type=\"widget\" data-widget_type=\"image.default\">\n\t\t\t\t<div class=\"elementor-widget-container\">\n\t\t\t\t\t\t\t\t\t\t\t\t\t\t\t<img decoding=\"async\" src=\"https:\/\/dechavarri.es\/wp-content\/uploads\/2020\/07\/map.jpg\" title=\"\" alt=\"\" loading=\"lazy\" \/>\t\t\t\t\t\t\t\t\t\t\t\t\t\t\t<\/div>\n\t\t\t\t<\/div>\n\t\t\t\t\t<\/div>\n\t\t<\/div>\n\t\t\t\t\t<\/div>\n\t\t<\/section>\n\t\t\t\t<\/div>\n\t\t","protected":false},"excerpt":{"rendered":"<p>Mar\u00eda Navarro-Reverter Meet Mar\u00edaNavarro-Reverter Art appraiser Born in Madrid (Spain) in 1969 \u201cMy work allows me to be surrounded by beauty, it gives me great satisfaction to be able to discover the story behind each piece I study, and they never cease to amaze me,&#8230;<\/p>\n","protected":false},"author":5,"featured_media":0,"parent":0,"menu_order":0,"comment_status":"closed","ping_status":"closed","template":"full_width.php","meta":{"_joinchat":[],"footnotes":""},"class_list":["post-6858","page","type-page","status-publish","hentry"],"_links":{"self":[{"href":"https:\/\/dechavarri.es\/en\/wp-json\/wp\/v2\/pages\/6858","targetHints":{"allow":["GET"]}}],"collection":[{"href":"https:\/\/dechavarri.es\/en\/wp-json\/wp\/v2\/pages"}],"about":[{"href":"https:\/\/dechavarri.es\/en\/wp-json\/wp\/v2\/types\/page"}],"author":[{"embeddable":true,"href":"https:\/\/dechavarri.es\/en\/wp-json\/wp\/v2\/users\/5"}],"replies":[{"embeddable":true,"href":"https:\/\/dechavarri.es\/en\/wp-json\/wp\/v2\/comments?post=6858"}],"version-history":[{"count":3,"href":"https:\/\/dechavarri.es\/en\/wp-json\/wp\/v2\/pages\/6858\/revisions"}],"predecessor-version":[{"id":6861,"href":"https:\/\/dechavarri.es\/en\/wp-json\/wp\/v2\/pages\/6858\/revisions\/6861"}],"wp:attachment":[{"href":"https:\/\/dechavarri.es\/en\/wp-json\/wp\/v2\/media?parent=6858"}],"curies":[{"name":"wp","href":"https:\/\/api.w.org\/{rel}","templated":true}]}}