{"id":6843,"date":"2022-11-10T16:46:09","date_gmt":"2022-11-10T16:46:09","guid":{"rendered":"https:\/\/dechavarri.es\/?page_id=6843"},"modified":"2025-11-27T10:53:09","modified_gmt":"2025-11-27T10:53:09","slug":"angela-segimon-de-matanzos","status":"publish","type":"page","link":"https:\/\/dechavarri.es\/en\/angela-segimon-de-matanzos\/","title":{"rendered":"\u00c1ngela Segim\u00f3n de Matanzos"},"content":{"rendered":"\t\t<div data-elementor-type=\"wp-page\" data-elementor-id=\"6843\" class=\"elementor elementor-6843\" data-elementor-post-type=\"page\">\n\t\t\t\t\t\t<section class=\"elementor-section elementor-top-section elementor-element elementor-element-afd7e9d elementor-section-full_width elementor-section-height-min-height elementor-section-content-middle elementor-section-stretched elementor-section-height-default elementor-section-items-middle parallax_section_no qode_elementor_container_no\" data-id=\"afd7e9d\" data-element_type=\"section\" data-e-type=\"section\" data-settings=\"{&quot;stretch_section&quot;:&quot;section-stretched&quot;,&quot;background_background&quot;:&quot;classic&quot;}\">\n\t\t\t\t\t\t\t<div class=\"elementor-background-overlay\"><\/div>\n\t\t\t\t\t\t\t<div class=\"elementor-container elementor-column-gap-default\">\n\t\t\t\t\t<div class=\"elementor-column elementor-col-100 elementor-top-column elementor-element elementor-element-df09dd6\" data-id=\"df09dd6\" data-element_type=\"column\" data-e-type=\"column\">\n\t\t\t<div class=\"elementor-widget-wrap elementor-element-populated\">\n\t\t\t\t\t\t<div class=\"elementor-element elementor-element-c00a519 elementor-widget elementor-widget-heading\" data-id=\"c00a519\" data-element_type=\"widget\" data-e-type=\"widget\" data-widget_type=\"heading.default\">\n\t\t\t\t<div class=\"elementor-widget-container\">\n\t\t\t\t\t<h1 class=\"elementor-heading-title elementor-size-default\">\u00c1ngela Segim\u00f3n<\/h1>\t\t\t\t<\/div>\n\t\t\t\t<\/div>\n\t\t\t\t\t<\/div>\n\t\t<\/div>\n\t\t\t\t\t<\/div>\n\t\t<\/section>\n\t\t\t\t<section class=\"elementor-section elementor-top-section elementor-element elementor-element-ba5cb65 elementor-section-boxed elementor-section-height-default elementor-section-height-default parallax_section_no qode_elementor_container_no\" data-id=\"ba5cb65\" data-element_type=\"section\" data-e-type=\"section\">\n\t\t\t\t\t\t<div class=\"elementor-container elementor-column-gap-default\">\n\t\t\t\t\t<div class=\"elementor-column elementor-col-50 elementor-top-column elementor-element elementor-element-191451a\" data-id=\"191451a\" data-element_type=\"column\" data-e-type=\"column\">\n\t\t\t<div class=\"elementor-widget-wrap elementor-element-populated\">\n\t\t\t\t\t\t<div class=\"elementor-element elementor-element-5d73d9f elementor-widget elementor-widget-text-editor\" data-id=\"5d73d9f\" data-element_type=\"widget\" data-e-type=\"widget\" data-widget_type=\"text-editor.default\">\n\t\t\t\t<div class=\"elementor-widget-container\">\n\t\t\t\t\t\t\t\t\t<h2 class=\"muj_dec_tit\" style=\"color: #e09979;\">Meet \u00c1ngela Segim\u00f3n de Matanzos<\/h2>\t\t\t\t\t\t\t\t<\/div>\n\t\t\t\t<\/div>\n\t\t\t\t<div class=\"elementor-element elementor-element-6301324 elementor-widget elementor-widget-text-editor\" data-id=\"6301324\" data-element_type=\"widget\" data-e-type=\"widget\" data-widget_type=\"text-editor.default\">\n\t\t\t\t<div class=\"elementor-widget-container\">\n\t\t\t\t\t\t\t\t\t<h2 class=\"lines-effects-muj-dec\" style=\"color: #e09979;\">Jewelry designer<br>\nBorn in (Spain) 1972<\/h2>\t\t\t\t\t\t\t\t<\/div>\n\t\t\t\t<\/div>\n\t\t\t\t\t<\/div>\n\t\t<\/div>\n\t\t\t\t<div class=\"elementor-column elementor-col-50 elementor-top-column elementor-element elementor-element-f816418\" data-id=\"f816418\" data-element_type=\"column\" data-e-type=\"column\">\n\t\t\t<div class=\"elementor-widget-wrap\">\n\t\t\t\t\t\t\t<\/div>\n\t\t<\/div>\n\t\t\t\t\t<\/div>\n\t\t<\/section>\n\t\t\t\t<section class=\"elementor-section elementor-top-section elementor-element elementor-element-53792c9 elementor-section-full_width elementor-section-content-middle elementor-section-stretched elementor-hidden-tablet elementor-hidden-mobile elementor-section-height-default elementor-section-height-default parallax_section_no qode_elementor_container_no\" data-id=\"53792c9\" data-element_type=\"section\" data-e-type=\"section\" data-settings=\"{&quot;stretch_section&quot;:&quot;section-stretched&quot;,&quot;background_background&quot;:&quot;classic&quot;}\">\n\t\t\t\t\t\t<div class=\"elementor-container elementor-column-gap-default\">\n\t\t\t\t\t<div class=\"elementor-column elementor-col-100 elementor-top-column elementor-element elementor-element-cec32f7\" data-id=\"cec32f7\" data-element_type=\"column\" data-e-type=\"column\">\n\t\t\t<div class=\"elementor-widget-wrap elementor-element-populated\">\n\t\t\t\t\t\t<section class=\"elementor-section elementor-inner-section elementor-element elementor-element-0e07327 elementor-section-boxed elementor-section-height-default elementor-section-height-default parallax_section_no qode_elementor_container_no\" data-id=\"0e07327\" data-element_type=\"section\" data-e-type=\"section\">\n\t\t\t\t\t\t<div class=\"elementor-container elementor-column-gap-default\">\n\t\t\t\t\t<div class=\"elementor-column elementor-col-50 elementor-inner-column elementor-element elementor-element-bf13fc7\" data-id=\"bf13fc7\" data-element_type=\"column\" data-e-type=\"column\">\n\t\t\t<div class=\"elementor-widget-wrap\">\n\t\t\t\t\t\t\t<\/div>\n\t\t<\/div>\n\t\t\t\t<div class=\"elementor-column elementor-col-50 elementor-inner-column elementor-element elementor-element-f2e21a8\" data-id=\"f2e21a8\" data-element_type=\"column\" data-e-type=\"column\">\n\t\t\t<div class=\"elementor-widget-wrap elementor-element-populated\">\n\t\t\t\t\t\t<div class=\"elementor-element elementor-element-d19ad6e elementor-widget elementor-widget-text-editor\" data-id=\"d19ad6e\" data-element_type=\"widget\" data-e-type=\"widget\" data-widget_type=\"text-editor.default\">\n\t\t\t\t<div class=\"elementor-widget-container\">\n\t\t\t\t\t\t\t\t\t<p class=\"nos_sub\" style=\"margin-bottom: 15px; font-family: 'trenda-regular' !important;\">\u201cThe real failure is not trying\u201d<\/p>\n<p class=\"nos_sub\" style=\"margin-bottom: 15px; font-family: 'trenda-regular' !important;\">\u201cGetting out of the comfort zone and facing new challenges is vitamin in vain for a designer\u201d<\/p>\n<p class=\"nos_sub\" style=\"margin-bottom: 15px; font-family: 'trenda-regular' !important;\">\u201cMy creative sources are mainly Art Deco and nature\u201d<\/p>\t\t\t\t\t\t\t\t<\/div>\n\t\t\t\t<\/div>\n\t\t\t\t\t<\/div>\n\t\t<\/div>\n\t\t\t\t\t<\/div>\n\t\t<\/section>\n\t\t\t\t<section class=\"elementor-section elementor-inner-section elementor-element elementor-element-36f372c elementor-section-boxed elementor-section-height-default elementor-section-height-default parallax_section_no qode_elementor_container_no\" data-id=\"36f372c\" data-element_type=\"section\" data-e-type=\"section\">\n\t\t\t\t\t\t<div class=\"elementor-container elementor-column-gap-default\">\n\t\t\t\t\t<div class=\"elementor-column elementor-col-100 elementor-inner-column elementor-element elementor-element-21069a8\" data-id=\"21069a8\" data-element_type=\"column\" data-e-type=\"column\">\n\t\t\t<div class=\"elementor-widget-wrap elementor-element-populated\">\n\t\t\t\t\t\t<div class=\"elementor-element elementor-element-cdd6b52 elementor-widget elementor-widget-text-editor\" data-id=\"cdd6b52\" data-element_type=\"widget\" data-e-type=\"widget\" data-widget_type=\"text-editor.default\">\n\t\t\t\t<div class=\"elementor-widget-container\">\n\t\t\t\t\t\t\t\t\t<p style=\"font-family: trenda-regular; font-style: normal; font-size: 20px; color: #3e1920; margin-bottom: 25px; line-height: 25px;\">With a degree in journalism from the Complutense University of Madrid, \u00c1ngela has been designing jewelry\nfor many years, it started as a hobby in 2018 and became her profession.<\/p>\n<p style=\"font-family: trenda-regular; font-style: normal; font-size: 20px; color: #3e1920; margin-bottom: 25px; line-height: 25px;\">\u00c1ngela with infinite generosity accepted to collaborate with Curra and Cristina without hesitation, without\nasking anything, without asking for anything, it is the collaboration of generosity. Behind her enigmatic and\nsweet look hides a strong, brave woman, one of those who, as the brand&#8217;s slogan says, &#8220;walks and dreams\nfirmly&#8221;.<\/p>\n<p style=\"font-family: trenda-regular; font-style: normal; font-size: 20px; color: #3e1920; margin-bottom: 25px; line-height: 25px;\">Curra&#8217;s testimonial &#8220;I contacted her by phone and she was absolutely accessible and friendly and\nimmediately committed to the project, but when I met her in person and I was struck by her eyes, her gaze,\ndeep but warm, the gaze of someone who life has taught her to grow, to overcome, to reinvent herself on\na path of acceptance, maturity and struggle, a struggle carried out with discretion and humility but above\nall with determination and kindness.\u201d<\/p>\n<p style=\"font-family: trenda-regular; font-style: normal; font-size: 20px; color: #3e1920; margin-bottom: 25px; line-height: 25px;\">Angela is a hurricane of a woman wrapped in flowers and when you look at her you only see her strength\nand beauty.<\/p>\t\t\t\t\t\t\t\t<\/div>\n\t\t\t\t<\/div>\n\t\t\t\t\t<\/div>\n\t\t<\/div>\n\t\t\t\t\t<\/div>\n\t\t<\/section>\n\t\t\t\t<section class=\"elementor-section elementor-inner-section elementor-element elementor-element-2ffcb6a elementor-section-boxed elementor-section-height-default elementor-section-height-default parallax_section_no qode_elementor_container_no\" data-id=\"2ffcb6a\" data-element_type=\"section\" data-e-type=\"section\">\n\t\t\t\t\t\t<div class=\"elementor-container elementor-column-gap-default\">\n\t\t\t\t\t<div class=\"elementor-column elementor-col-50 elementor-inner-column elementor-element elementor-element-30f84b1\" data-id=\"30f84b1\" data-element_type=\"column\" data-e-type=\"column\">\n\t\t\t<div class=\"elementor-widget-wrap elementor-element-populated\">\n\t\t\t\t\t\t<div class=\"elementor-element elementor-element-319270f elementor-widget elementor-widget-image\" data-id=\"319270f\" data-element_type=\"widget\" data-e-type=\"widget\" data-widget_type=\"image.default\">\n\t\t\t\t<div class=\"elementor-widget-container\">\n\t\t\t\t\t\t\t\t\t\t\t\t\t\t\t<img decoding=\"async\" src=\"https:\/\/dechavarri.es\/wp-content\/uploads\/2022\/03\/angela-segimon-txt-1.jpg\" title=\"\" alt=\"\" loading=\"lazy\" \/>\t\t\t\t\t\t\t\t\t\t\t\t\t\t\t<\/div>\n\t\t\t\t<\/div>\n\t\t\t\t\t<\/div>\n\t\t<\/div>\n\t\t\t\t<div class=\"elementor-column elementor-col-50 elementor-inner-column elementor-element elementor-element-82c212f\" data-id=\"82c212f\" data-element_type=\"column\" data-e-type=\"column\">\n\t\t\t<div class=\"elementor-widget-wrap elementor-element-populated\">\n\t\t\t\t\t\t<div class=\"elementor-element elementor-element-2ea93fa elementor-widget elementor-widget-image\" data-id=\"2ea93fa\" data-element_type=\"widget\" data-e-type=\"widget\" data-widget_type=\"image.default\">\n\t\t\t\t<div class=\"elementor-widget-container\">\n\t\t\t\t\t\t\t\t\t\t\t\t\t\t\t<img decoding=\"async\" src=\"https:\/\/dechavarri.es\/wp-content\/uploads\/2022\/03\/angela-segimon-txt.jpg\" title=\"\" alt=\"\" loading=\"lazy\" \/>\t\t\t\t\t\t\t\t\t\t\t\t\t\t\t<\/div>\n\t\t\t\t<\/div>\n\t\t\t\t\t<\/div>\n\t\t<\/div>\n\t\t\t\t\t<\/div>\n\t\t<\/section>\n\t\t\t\t<section class=\"elementor-section elementor-inner-section elementor-element elementor-element-df5ec96 elementor-section-boxed elementor-section-height-default elementor-section-height-default parallax_section_no qode_elementor_container_no\" data-id=\"df5ec96\" data-element_type=\"section\" data-e-type=\"section\">\n\t\t\t\t\t\t<div class=\"elementor-container elementor-column-gap-default\">\n\t\t\t\t\t<div class=\"elementor-column elementor-col-100 elementor-inner-column elementor-element elementor-element-eaae23f\" data-id=\"eaae23f\" data-element_type=\"column\" data-e-type=\"column\">\n\t\t\t<div class=\"elementor-widget-wrap elementor-element-populated\">\n\t\t\t\t\t\t<div class=\"elementor-element elementor-element-2fae86b elementor-widget elementor-widget-text-editor\" data-id=\"2fae86b\" data-element_type=\"widget\" data-e-type=\"widget\" data-widget_type=\"text-editor.default\">\n\t\t\t\t<div class=\"elementor-widget-container\">\n\t\t\t\t\t\t\t\t\t<h2 class=\"aboutax\"><a href=\"https:\/\/www.angelasegimon.com\/\" target=\"_blank\" rel=\"noopener\">www.angelasegimon.com<\/a><\/h2>\t\t\t\t\t\t\t\t<\/div>\n\t\t\t\t<\/div>\n\t\t\t\t\t<\/div>\n\t\t<\/div>\n\t\t\t\t\t<\/div>\n\t\t<\/section>\n\t\t\t\t<section class=\"elementor-section elementor-inner-section elementor-element elementor-element-f917456 elementor-section-boxed elementor-section-height-default elementor-section-height-default parallax_section_no qode_elementor_container_no\" data-id=\"f917456\" data-element_type=\"section\" data-e-type=\"section\">\n\t\t\t\t\t\t<div class=\"elementor-container elementor-column-gap-default\">\n\t\t\t\t\t<div class=\"elementor-column elementor-col-100 elementor-inner-column elementor-element elementor-element-54eb474\" data-id=\"54eb474\" data-element_type=\"column\" data-e-type=\"column\">\n\t\t\t<div class=\"elementor-widget-wrap elementor-element-populated\">\n\t\t\t\t\t\t<div class=\"elementor-element elementor-element-18a8176 elementor-widget elementor-widget-image\" data-id=\"18a8176\" data-element_type=\"widget\" data-e-type=\"widget\" data-widget_type=\"image.default\">\n\t\t\t\t<div class=\"elementor-widget-container\">\n\t\t\t\t\t\t\t\t\t\t\t\t\t\t\t<img decoding=\"async\" width=\"300\" height=\"36\" src=\"https:\/\/dechavarri.es\/wp-content\/uploads\/2022\/03\/grracias_dechavarri_blanco-scaled.png\" class=\"attachment-medium size-medium wp-image-6231\" alt=\"\" srcset=\"https:\/\/dechavarri.es\/wp-content\/uploads\/2022\/03\/grracias_dechavarri_blanco-scaled.png 2560w, https:\/\/dechavarri.es\/wp-content\/uploads\/2022\/03\/grracias_dechavarri_blanco-scaled-600x72.png 600w\" sizes=\"(max-width: 300px) 100vw, 300px\" \/>\t\t\t\t\t\t\t\t\t\t\t\t\t\t\t<\/div>\n\t\t\t\t<\/div>\n\t\t\t\t\t<\/div>\n\t\t<\/div>\n\t\t\t\t\t<\/div>\n\t\t<\/section>\n\t\t\t\t\t<\/div>\n\t\t<\/div>\n\t\t\t\t\t<\/div>\n\t\t<\/section>\n\t\t\t\t<section class=\"elementor-section elementor-top-section elementor-element elementor-element-cc75c0f elementor-section-full_width elementor-section-content-middle elementor-section-stretched elementor-hidden-desktop elementor-section-height-default elementor-section-height-default parallax_section_no qode_elementor_container_no\" data-id=\"cc75c0f\" data-element_type=\"section\" data-e-type=\"section\" data-settings=\"{&quot;stretch_section&quot;:&quot;section-stretched&quot;,&quot;background_background&quot;:&quot;classic&quot;}\">\n\t\t\t\t\t\t<div class=\"elementor-container elementor-column-gap-default\">\n\t\t\t\t\t<div class=\"elementor-column elementor-col-100 elementor-top-column elementor-element elementor-element-62152d0\" data-id=\"62152d0\" data-element_type=\"column\" data-e-type=\"column\">\n\t\t\t<div class=\"elementor-widget-wrap elementor-element-populated\">\n\t\t\t\t\t\t<div class=\"elementor-element elementor-element-04716a9 elementor-widget elementor-widget-text-editor\" data-id=\"04716a9\" data-element_type=\"widget\" data-e-type=\"widget\" data-widget_type=\"text-editor.default\">\n\t\t\t\t<div class=\"elementor-widget-container\">\n\t\t\t\t\t\t\t\t\t<p class=\"nos_sub\" style=\"margin-bottom: 15px;\">\u201cThe real failure is not trying\u201d<\/p>\n<p class=\"nos_sub\" style=\"margin-bottom: 15px;\">\u201cGetting out of the comfort zone and facing new challenges is vitamin in vain for a designer\u201d<\/p>\n<p class=\"nos_sub\" style=\"margin-bottom: 15px;\">\u201cMy creative sources are mainly Art Deco and nature\u201d<\/p>\t\t\t\t\t\t\t\t<\/div>\n\t\t\t\t<\/div>\n\t\t\t\t<div class=\"elementor-element elementor-element-633d78e elementor-widget elementor-widget-text-editor\" data-id=\"633d78e\" data-element_type=\"widget\" data-e-type=\"widget\" data-widget_type=\"text-editor.default\">\n\t\t\t\t<div class=\"elementor-widget-container\">\n\t\t\t\t\t\t\t\t\t<p style=\"font-family: trenda-regular; font-style: normal; font-size: 18px; color: #3e1920; margin-bottom: 25px; line-height: 23px;\">With a degree in journalism from the Complutense University of Madrid, \u00c1ngela has been designing jewelry\nfor many years, it started as a hobby in 2018 and became her profession.<\/p>\n<p style=\"font-family: trenda-regular; font-style: normal; font-size: 18px; color: #3e1920; margin-bottom: 25px; line-height: 23px;\">\u00c1ngela with infinite generosity accepted to collaborate with Curra and Cristina without hesitation, without\nasking anything, without asking for anything, it is the collaboration of generosity. Behind her enigmatic and\nsweet look hides a strong, brave woman, one of those who, as the brand&#8217;s slogan says, &#8220;walks and dreams\nfirmly&#8221;.<\/p>\n<p style=\"font-family: trenda-regular; font-style: normal; font-size: 18px; color: #3e1920; margin-bottom: 25px; line-height: 23px;\">Curra&#8217;s testimonial &#8220;I contacted her by phone and she was absolutely accessible and friendly and\nimmediately committed to the project, but when I met her in person and I was struck by her eyes, her gaze,\ndeep but warm, the gaze of someone who life has taught her to grow, to overcome, to reinvent herself on\na path of acceptance, maturity and struggle, a struggle carried out with discretion and humility but above\nall with determination and kindness.\u201d<\/p>\n<p style=\"font-family: trenda-regular; font-style: normal; font-size: 18px; color: #3e1920; margin-bottom: 25px; line-height: 23px;\">Angela is a hurricane of a woman wrapped in flowers and when you look at her you only see her strength\nand beauty.<\/p>\t\t\t\t\t\t\t\t<\/div>\n\t\t\t\t<\/div>\n\t\t\t\t<div class=\"elementor-element elementor-element-5463933 elementor-widget elementor-widget-image\" data-id=\"5463933\" data-element_type=\"widget\" data-e-type=\"widget\" data-widget_type=\"image.default\">\n\t\t\t\t<div class=\"elementor-widget-container\">\n\t\t\t\t\t\t\t\t\t\t\t\t\t\t\t<img decoding=\"async\" src=\"https:\/\/dechavarri.es\/wp-content\/uploads\/2022\/03\/angela-segimon-txt-1.jpg\" title=\"\" alt=\"\" loading=\"lazy\" \/>\t\t\t\t\t\t\t\t\t\t\t\t\t\t\t<\/div>\n\t\t\t\t<\/div>\n\t\t\t\t<div class=\"elementor-element elementor-element-78c6db0 elementor-widget elementor-widget-image\" data-id=\"78c6db0\" data-element_type=\"widget\" data-e-type=\"widget\" data-widget_type=\"image.default\">\n\t\t\t\t<div class=\"elementor-widget-container\">\n\t\t\t\t\t\t\t\t\t\t\t\t\t\t\t<img decoding=\"async\" src=\"https:\/\/dechavarri.es\/wp-content\/uploads\/2022\/03\/angela-segimon-txt.jpg\" title=\"\" alt=\"\" loading=\"lazy\" \/>\t\t\t\t\t\t\t\t\t\t\t\t\t\t\t<\/div>\n\t\t\t\t<\/div>\n\t\t\t\t<section class=\"elementor-section elementor-inner-section elementor-element elementor-element-fa0d5e5 elementor-section-boxed elementor-section-height-default elementor-section-height-default parallax_section_no qode_elementor_container_no\" data-id=\"fa0d5e5\" data-element_type=\"section\" data-e-type=\"section\">\n\t\t\t\t\t\t<div class=\"elementor-container elementor-column-gap-default\">\n\t\t\t\t\t<div class=\"elementor-column elementor-col-100 elementor-inner-column elementor-element elementor-element-15da352\" data-id=\"15da352\" data-element_type=\"column\" data-e-type=\"column\">\n\t\t\t<div class=\"elementor-widget-wrap elementor-element-populated\">\n\t\t\t\t\t\t<div class=\"elementor-element elementor-element-c3757a5 elementor-widget elementor-widget-text-editor\" data-id=\"c3757a5\" data-element_type=\"widget\" data-e-type=\"widget\" data-widget_type=\"text-editor.default\">\n\t\t\t\t<div class=\"elementor-widget-container\">\n\t\t\t\t\t\t\t\t\t<h2 class=\"aboutax\"><a href=\"https:\/\/www.angelasegimon.com\/\" target=\"_blank\" rel=\"noopener\">www.angelasegimon.com<\/a><\/h2>\t\t\t\t\t\t\t\t<\/div>\n\t\t\t\t<\/div>\n\t\t\t\t\t<\/div>\n\t\t<\/div>\n\t\t\t\t\t<\/div>\n\t\t<\/section>\n\t\t\t\t<div class=\"elementor-element elementor-element-6604510 elementor-widget elementor-widget-image\" data-id=\"6604510\" data-element_type=\"widget\" data-e-type=\"widget\" data-widget_type=\"image.default\">\n\t\t\t\t<div class=\"elementor-widget-container\">\n\t\t\t\t\t\t\t\t\t\t\t\t\t\t\t<img decoding=\"async\" width=\"300\" height=\"36\" src=\"https:\/\/dechavarri.es\/wp-content\/uploads\/2022\/03\/grracias_dechavarri_blanco-scaled.png\" class=\"attachment-medium size-medium wp-image-6231\" alt=\"\" srcset=\"https:\/\/dechavarri.es\/wp-content\/uploads\/2022\/03\/grracias_dechavarri_blanco-scaled.png 2560w, https:\/\/dechavarri.es\/wp-content\/uploads\/2022\/03\/grracias_dechavarri_blanco-scaled-600x72.png 600w\" sizes=\"(max-width: 300px) 100vw, 300px\" \/>\t\t\t\t\t\t\t\t\t\t\t\t\t\t\t<\/div>\n\t\t\t\t<\/div>\n\t\t\t\t\t<\/div>\n\t\t<\/div>\n\t\t\t\t\t<\/div>\n\t\t<\/section>\n\t\t\t\t<section class=\"elementor-section elementor-top-section elementor-element elementor-element-ac57ee9 elementor-section-full_width display_row elementor-section-height-default elementor-section-height-default parallax_section_no qode_elementor_container_no\" data-id=\"ac57ee9\" data-element_type=\"section\" data-e-type=\"section\">\n\t\t\t\t\t\t<div class=\"elementor-container elementor-column-gap-no\">\n\t\t\t\t\t<div class=\"elementor-column elementor-col-100 elementor-top-column elementor-element elementor-element-4cac7c1\" data-id=\"4cac7c1\" data-element_type=\"column\" data-e-type=\"column\">\n\t\t\t<div class=\"elementor-widget-wrap elementor-element-populated\">\n\t\t\t\t\t\t<div class=\"elementor-element elementor-element-d91cd2b elementor-widget elementor-widget-image\" data-id=\"d91cd2b\" data-element_type=\"widget\" data-e-type=\"widget\" data-widget_type=\"image.default\">\n\t\t\t\t<div class=\"elementor-widget-container\">\n\t\t\t\t\t\t\t\t\t\t\t\t\t\t\t<img decoding=\"async\" src=\"https:\/\/dechavarri.es\/wp-content\/uploads\/2020\/07\/map.jpg\" title=\"\" alt=\"\" loading=\"lazy\" \/>\t\t\t\t\t\t\t\t\t\t\t\t\t\t\t<\/div>\n\t\t\t\t<\/div>\n\t\t\t\t\t<\/div>\n\t\t<\/div>\n\t\t\t\t\t<\/div>\n\t\t<\/section>\n\t\t\t\t<\/div>\n\t\t","protected":false},"excerpt":{"rendered":"<p>\u00c1ngela Segim\u00f3n Meet \u00c1ngela Segim\u00f3n de Matanzos Jewelry designer Born in (Spain) 1972 \u201cThe real failure is not trying\u201d \u201cGetting out of the comfort zone and facing new challenges is vitamin in vain for a designer\u201d \u201cMy creative sources are mainly Art Deco and nature\u201d&#8230;<\/p>\n","protected":false},"author":5,"featured_media":0,"parent":0,"menu_order":0,"comment_status":"closed","ping_status":"closed","template":"full_width.php","meta":{"_joinchat":[],"footnotes":""},"class_list":["post-6843","page","type-page","status-publish","hentry"],"_links":{"self":[{"href":"https:\/\/dechavarri.es\/en\/wp-json\/wp\/v2\/pages\/6843","targetHints":{"allow":["GET"]}}],"collection":[{"href":"https:\/\/dechavarri.es\/en\/wp-json\/wp\/v2\/pages"}],"about":[{"href":"https:\/\/dechavarri.es\/en\/wp-json\/wp\/v2\/types\/page"}],"author":[{"embeddable":true,"href":"https:\/\/dechavarri.es\/en\/wp-json\/wp\/v2\/users\/5"}],"replies":[{"embeddable":true,"href":"https:\/\/dechavarri.es\/en\/wp-json\/wp\/v2\/comments?post=6843"}],"version-history":[{"count":7,"href":"https:\/\/dechavarri.es\/en\/wp-json\/wp\/v2\/pages\/6843\/revisions"}],"predecessor-version":[{"id":8024,"href":"https:\/\/dechavarri.es\/en\/wp-json\/wp\/v2\/pages\/6843\/revisions\/8024"}],"wp:attachment":[{"href":"https:\/\/dechavarri.es\/en\/wp-json\/wp\/v2\/media?parent=6843"}],"curies":[{"name":"wp","href":"https:\/\/api.w.org\/{rel}","templated":true}]}}