{"id":6814,"date":"2022-11-10T15:47:45","date_gmt":"2022-11-10T15:47:45","guid":{"rendered":"https:\/\/dechavarri.es\/?page_id=6814"},"modified":"2022-11-17T03:35:39","modified_gmt":"2022-11-17T03:35:39","slug":"sonia-vazquez-rizaldos","status":"publish","type":"page","link":"https:\/\/dechavarri.es\/en\/sonia-vazquez-rizaldos\/","title":{"rendered":"Sonia V\u00e1zquez Rizaldos"},"content":{"rendered":"\t\t<div data-elementor-type=\"wp-page\" data-elementor-id=\"6814\" class=\"elementor elementor-6814\" data-elementor-post-type=\"page\">\n\t\t\t\t\t\t<section class=\"elementor-section elementor-top-section elementor-element elementor-element-afd7e9d elementor-section-full_width elementor-section-height-min-height elementor-section-content-middle elementor-section-stretched elementor-section-height-default elementor-section-items-middle parallax_section_no qode_elementor_container_no\" data-id=\"afd7e9d\" data-element_type=\"section\" data-e-type=\"section\" data-settings=\"{&quot;stretch_section&quot;:&quot;section-stretched&quot;,&quot;background_background&quot;:&quot;classic&quot;}\">\n\t\t\t\t\t\t\t<div class=\"elementor-background-overlay\"><\/div>\n\t\t\t\t\t\t\t<div class=\"elementor-container elementor-column-gap-default\">\n\t\t\t\t\t<div class=\"elementor-column elementor-col-100 elementor-top-column elementor-element elementor-element-df09dd6\" data-id=\"df09dd6\" data-element_type=\"column\" data-e-type=\"column\">\n\t\t\t<div class=\"elementor-widget-wrap elementor-element-populated\">\n\t\t\t\t\t\t<div class=\"elementor-element elementor-element-c00a519 elementor-widget elementor-widget-heading\" data-id=\"c00a519\" data-element_type=\"widget\" data-e-type=\"widget\" data-widget_type=\"heading.default\">\n\t\t\t\t<div class=\"elementor-widget-container\">\n\t\t\t\t\t<h1 class=\"elementor-heading-title elementor-size-default\">Sonia V\u00e1zquez<\/h1>\t\t\t\t<\/div>\n\t\t\t\t<\/div>\n\t\t\t\t\t<\/div>\n\t\t<\/div>\n\t\t\t\t\t<\/div>\n\t\t<\/section>\n\t\t\t\t<section class=\"elementor-section elementor-top-section elementor-element elementor-element-ba5cb65 elementor-section-boxed elementor-section-height-default elementor-section-height-default parallax_section_no qode_elementor_container_no\" data-id=\"ba5cb65\" data-element_type=\"section\" data-e-type=\"section\">\n\t\t\t\t\t\t<div class=\"elementor-container elementor-column-gap-default\">\n\t\t\t\t\t<div class=\"elementor-column elementor-col-50 elementor-top-column elementor-element elementor-element-191451a\" data-id=\"191451a\" data-element_type=\"column\" data-e-type=\"column\">\n\t\t\t<div class=\"elementor-widget-wrap elementor-element-populated\">\n\t\t\t\t\t\t<div class=\"elementor-element elementor-element-5d73d9f elementor-widget elementor-widget-text-editor\" data-id=\"5d73d9f\" data-element_type=\"widget\" data-e-type=\"widget\" data-widget_type=\"text-editor.default\">\n\t\t\t\t<div class=\"elementor-widget-container\">\n\t\t\t\t\t\t\t\t\t<h2 class=\"muj_dec_tit\" style=\"color: #e09979;\">Meet Sonia Vazquez Rizaldos<\/h2>\t\t\t\t\t\t\t\t<\/div>\n\t\t\t\t<\/div>\n\t\t\t\t<div class=\"elementor-element elementor-element-6301324 elementor-widget elementor-widget-text-editor\" data-id=\"6301324\" data-element_type=\"widget\" data-e-type=\"widget\" data-widget_type=\"text-editor.default\">\n\t\t\t\t<div class=\"elementor-widget-container\">\n\t\t\t\t\t\t\t\t\t<h2 class=\"lines-effects-muj-dec\" style=\"color: #e09979;\">Intensivist Doctor<br>\nBorn in Talavera de la Reina (Toledo) 1969<\/h2>\t\t\t\t\t\t\t\t<\/div>\n\t\t\t\t<\/div>\n\t\t\t\t\t<\/div>\n\t\t<\/div>\n\t\t\t\t<div class=\"elementor-column elementor-col-50 elementor-top-column elementor-element elementor-element-f816418\" data-id=\"f816418\" data-element_type=\"column\" data-e-type=\"column\">\n\t\t\t<div class=\"elementor-widget-wrap\">\n\t\t\t\t\t\t\t<\/div>\n\t\t<\/div>\n\t\t\t\t\t<\/div>\n\t\t<\/section>\n\t\t\t\t<section class=\"elementor-section elementor-top-section elementor-element elementor-element-53792c9 elementor-section-full_width elementor-section-content-middle elementor-section-stretched elementor-hidden-tablet elementor-hidden-mobile elementor-section-height-default elementor-section-height-default parallax_section_no qode_elementor_container_no\" data-id=\"53792c9\" data-element_type=\"section\" data-e-type=\"section\" data-settings=\"{&quot;stretch_section&quot;:&quot;section-stretched&quot;,&quot;background_background&quot;:&quot;classic&quot;}\">\n\t\t\t\t\t\t<div class=\"elementor-container elementor-column-gap-default\">\n\t\t\t\t\t<div class=\"elementor-column elementor-col-100 elementor-top-column elementor-element elementor-element-cec32f7\" data-id=\"cec32f7\" data-element_type=\"column\" data-e-type=\"column\">\n\t\t\t<div class=\"elementor-widget-wrap elementor-element-populated\">\n\t\t\t\t\t\t<section class=\"elementor-section elementor-inner-section elementor-element elementor-element-0e07327 elementor-section-boxed elementor-section-height-default elementor-section-height-default parallax_section_no qode_elementor_container_no\" data-id=\"0e07327\" data-element_type=\"section\" data-e-type=\"section\">\n\t\t\t\t\t\t<div class=\"elementor-container elementor-column-gap-default\">\n\t\t\t\t\t<div class=\"elementor-column elementor-col-50 elementor-inner-column elementor-element elementor-element-bf13fc7\" data-id=\"bf13fc7\" data-element_type=\"column\" data-e-type=\"column\">\n\t\t\t<div class=\"elementor-widget-wrap\">\n\t\t\t\t\t\t\t<\/div>\n\t\t<\/div>\n\t\t\t\t<div class=\"elementor-column elementor-col-50 elementor-inner-column elementor-element elementor-element-f2e21a8\" data-id=\"f2e21a8\" data-element_type=\"column\" data-e-type=\"column\">\n\t\t\t<div class=\"elementor-widget-wrap elementor-element-populated\">\n\t\t\t\t\t\t<div class=\"elementor-element elementor-element-d19ad6e elementor-widget elementor-widget-text-editor\" data-id=\"d19ad6e\" data-element_type=\"widget\" data-e-type=\"widget\" data-widget_type=\"text-editor.default\">\n\t\t\t\t<div class=\"elementor-widget-container\">\n\t\t\t\t\t\t\t\t\t<p class=\"nos_sub\" style=\"font-family: 'trenda-regular' !important;\">\u201cDif\u00edcil olvidar la infinita tristeza que hemos vivido, que nos ayude la alegr\u00eda de poder dedicarnos a esta profesi\u00f3n. Gracias a todos\u201d<\/p>\t\t\t\t\t\t\t\t<\/div>\n\t\t\t\t<\/div>\n\t\t\t\t\t<\/div>\n\t\t<\/div>\n\t\t\t\t\t<\/div>\n\t\t<\/section>\n\t\t\t\t<section class=\"elementor-section elementor-inner-section elementor-element elementor-element-36f372c elementor-section-boxed elementor-section-height-default elementor-section-height-default parallax_section_no qode_elementor_container_no\" data-id=\"36f372c\" data-element_type=\"section\" data-e-type=\"section\">\n\t\t\t\t\t\t<div class=\"elementor-container elementor-column-gap-default\">\n\t\t\t\t\t<div class=\"elementor-column elementor-col-50 elementor-inner-column elementor-element elementor-element-21069a8\" data-id=\"21069a8\" data-element_type=\"column\" data-e-type=\"column\">\n\t\t\t<div class=\"elementor-widget-wrap elementor-element-populated\">\n\t\t\t\t\t\t<div class=\"elementor-element elementor-element-cdd6b52 elementor-widget elementor-widget-text-editor\" data-id=\"cdd6b52\" data-element_type=\"widget\" data-e-type=\"widget\" data-widget_type=\"text-editor.default\">\n\t\t\t\t<div class=\"elementor-widget-container\">\n\t\t\t\t\t\t\t\t\t<p class=\"sonia_p\">Sonia has a bachelor degree in Medicine and Surgery, studied in Complutense University of Madrid, and\nthen specialized in Intensive Care at the San Carlos University Hospital, her professional life has been\ndedicated to the care of the critically ill.<\/p>\n<p class=\"sonia_p\">Curra&#8217;s testimony: &#8220;The incredible thing about Sonia is her ability to keep up the spirits of all those around\nher, even in the worst conditions, even in the midst of the chaos caused by an unknown virus, in the\nmidst of fear, desolation, sadness and death, she appeared as an angel, an angel for the patients, an\nangel for her companions, an angel for her colleagues, I could say that even her sadness, difficult to hide\nat times, had a certain healing power for those of us who felt it, for it was a deeply sincere, deeply human\nsadness, so, just imagine her smile, practically constant on her face even in the worst moments. Sonia has\nthe incredible capacity to transmit pain with her gaze but at the same time she smiles at you and says\nwith total conviction the magic words &#8220;cheer up, I have hope that everything is going to be alright&#8221; and at\nthat moment, with that woman by your side you have the powerful feeling that although you are not\ninvincible, you know that there is still much you can do for your patients. If Sonia had been born in\nanother era, she would have been a warrior willing to give her life for her principles.<\/p>\n<p class=\"sonia_p\">Thank you, Sonia, for your strength, your faith in life and your smile.<\/p>\t\t\t\t\t\t\t\t<\/div>\n\t\t\t\t<\/div>\n\t\t\t\t\t<\/div>\n\t\t<\/div>\n\t\t\t\t<div class=\"elementor-column elementor-col-50 elementor-inner-column elementor-element elementor-element-76dd28c\" data-id=\"76dd28c\" data-element_type=\"column\" data-e-type=\"column\">\n\t\t\t<div class=\"elementor-widget-wrap elementor-element-populated\">\n\t\t\t\t\t\t<div class=\"elementor-element elementor-element-cc2a98f elementor-widget elementor-widget-image\" data-id=\"cc2a98f\" data-element_type=\"widget\" data-e-type=\"widget\" data-widget_type=\"image.default\">\n\t\t\t\t<div class=\"elementor-widget-container\">\n\t\t\t\t\t\t\t\t\t\t\t\t\t\t\t<img decoding=\"async\" src=\"https:\/\/dechavarri.es\/wp-content\/uploads\/2022\/03\/sonia-vazquez-rizaldo-txt.jpg\" title=\"sonia-vazquez-rizaldo-txt\" alt=\"sonia-vazquez-rizaldo-txt\" loading=\"lazy\" \/>\t\t\t\t\t\t\t\t\t\t\t\t\t\t\t<\/div>\n\t\t\t\t<\/div>\n\t\t\t\t\t<\/div>\n\t\t<\/div>\n\t\t\t\t\t<\/div>\n\t\t<\/section>\n\t\t\t\t<section class=\"elementor-section elementor-inner-section elementor-element elementor-element-df5ec96 elementor-section-boxed elementor-section-height-default elementor-section-height-default parallax_section_no qode_elementor_container_no\" data-id=\"df5ec96\" data-element_type=\"section\" data-e-type=\"section\">\n\t\t\t\t\t\t<div class=\"elementor-container elementor-column-gap-default\">\n\t\t\t\t\t<div class=\"elementor-column elementor-col-100 elementor-inner-column elementor-element elementor-element-eaae23f\" data-id=\"eaae23f\" data-element_type=\"column\" data-e-type=\"column\">\n\t\t\t<div class=\"elementor-widget-wrap elementor-element-populated\">\n\t\t\t\t\t\t<div class=\"elementor-element elementor-element-d45e26e elementor-widget elementor-widget-image\" data-id=\"d45e26e\" data-element_type=\"widget\" data-e-type=\"widget\" data-widget_type=\"image.default\">\n\t\t\t\t<div class=\"elementor-widget-container\">\n\t\t\t\t\t\t\t\t\t\t\t\t\t\t\t<img decoding=\"async\" src=\"https:\/\/dechavarri.es\/wp-content\/uploads\/elementor\/thumbs\/grracias_dechavarri_blanco-scaled-r9c14j8wta9cc5tuidhxt4p8vrdmfe0ftoqib1elyk.png\" title=\"grracias_dechavarri_blanco\" alt=\"grracias_dechavarri_blanco\" loading=\"lazy\" \/>\t\t\t\t\t\t\t\t\t\t\t\t\t\t\t<\/div>\n\t\t\t\t<\/div>\n\t\t\t\t\t<\/div>\n\t\t<\/div>\n\t\t\t\t\t<\/div>\n\t\t<\/section>\n\t\t\t\t\t<\/div>\n\t\t<\/div>\n\t\t\t\t\t<\/div>\n\t\t<\/section>\n\t\t\t\t<section class=\"elementor-section elementor-top-section elementor-element elementor-element-7f82316 elementor-section-full_width elementor-section-content-middle elementor-section-stretched elementor-hidden-desktop elementor-section-height-default elementor-section-height-default parallax_section_no qode_elementor_container_no\" data-id=\"7f82316\" data-element_type=\"section\" data-e-type=\"section\" data-settings=\"{&quot;stretch_section&quot;:&quot;section-stretched&quot;,&quot;background_background&quot;:&quot;classic&quot;}\">\n\t\t\t\t\t\t<div class=\"elementor-container elementor-column-gap-default\">\n\t\t\t\t\t<div class=\"elementor-column elementor-col-100 elementor-top-column elementor-element elementor-element-27e92a3\" data-id=\"27e92a3\" data-element_type=\"column\" data-e-type=\"column\">\n\t\t\t<div class=\"elementor-widget-wrap elementor-element-populated\">\n\t\t\t\t\t\t<div class=\"elementor-element elementor-element-a18e052 elementor-widget elementor-widget-text-editor\" data-id=\"a18e052\" data-element_type=\"widget\" data-e-type=\"widget\" data-widget_type=\"text-editor.default\">\n\t\t\t\t<div class=\"elementor-widget-container\">\n\t\t\t\t\t\t\t\t\t<p class=\"nos_sub\" style=\"margin-bottom: 40px;\">\u201cDif\u00edcil olvidar la infinita tristeza que hemos vivido, que nos ayude la alegr\u00eda de poder dedicarnos a esta profesi\u00f3n. Gracias a todos\u201d<\/p>\t\t\t\t\t\t\t\t<\/div>\n\t\t\t\t<\/div>\n\t\t\t\t<div class=\"elementor-element elementor-element-86dfd2a elementor-widget elementor-widget-image\" data-id=\"86dfd2a\" data-element_type=\"widget\" data-e-type=\"widget\" data-widget_type=\"image.default\">\n\t\t\t\t<div class=\"elementor-widget-container\">\n\t\t\t\t\t\t\t\t\t\t\t\t\t\t\t<img fetchpriority=\"high\" decoding=\"async\" width=\"873\" height=\"1309\" src=\"https:\/\/dechavarri.es\/wp-content\/uploads\/2022\/03\/sonia-vazquez-rizaldo-txt.jpg\" class=\"attachment-full size-full wp-image-6233\" alt=\"\" srcset=\"https:\/\/dechavarri.es\/wp-content\/uploads\/2022\/03\/sonia-vazquez-rizaldo-txt.jpg 873w, https:\/\/dechavarri.es\/wp-content\/uploads\/2022\/03\/sonia-vazquez-rizaldo-txt-600x900.jpg 600w\" sizes=\"(max-width: 873px) 100vw, 873px\" \/>\t\t\t\t\t\t\t\t\t\t\t\t\t\t\t<\/div>\n\t\t\t\t<\/div>\n\t\t\t\t<div class=\"elementor-element elementor-element-f0cb9e3 elementor-widget elementor-widget-text-editor\" data-id=\"f0cb9e3\" data-element_type=\"widget\" data-e-type=\"widget\" data-widget_type=\"text-editor.default\">\n\t\t\t\t<div class=\"elementor-widget-container\">\n\t\t\t\t\t\t\t\t\t<p class=\"sonia_p_mv\">Sonia has a bachelor degree in Medicine and Surgery, studied in Complutense University of Madrid, and\nthen specialized in Intensive Care at the San Carlos University Hospital, her professional life has been\ndedicated to the care of the critically ill.<\/p>\n<p class=\"sonia_p_mv\">Curra&#8217;s testimony: &#8220;The incredible thing about Sonia is her ability to keep up the spirits of all those around\nher, even in the worst conditions, even in the midst of the chaos caused by an unknown virus, in the\nmidst of fear, desolation, sadness and death, she appeared as an angel, an angel for the patients, an\nangel for her companions, an angel for her colleagues, I could say that even her sadness, difficult to hide\nat times, had a certain healing power for those of us who felt it, for it was a deeply sincere, deeply human\nsadness, so, just imagine her smile, practically constant on her face even in the worst moments. Sonia has\nthe incredible capacity to transmit pain with her gaze but at the same time she smiles at you and says\nwith total conviction the magic words &#8220;cheer up, I have hope that everything is going to be alright&#8221; and at\nthat moment, with that woman by your side you have the powerful feeling that although you are not\ninvincible, you know that there is still much you can do for your patients. If Sonia had been born in\nanother era, she would have been a warrior willing to give her life for her principles.<\/p>\n<p class=\"sonia_p_mv\">Thank you, Sonia, for your strength, your faith in life and your smile.<\/p>\t\t\t\t\t\t\t\t<\/div>\n\t\t\t\t<\/div>\n\t\t\t\t<div class=\"elementor-element elementor-element-15ed13e elementor-widget elementor-widget-image\" data-id=\"15ed13e\" data-element_type=\"widget\" data-e-type=\"widget\" data-widget_type=\"image.default\">\n\t\t\t\t<div class=\"elementor-widget-container\">\n\t\t\t\t\t\t\t\t\t\t\t\t\t\t\t<img decoding=\"async\" width=\"300\" height=\"36\" src=\"https:\/\/dechavarri.es\/wp-content\/uploads\/2022\/03\/grracias_dechavarri_blanco-scaled.png\" class=\"attachment-medium size-medium wp-image-6231\" alt=\"\" srcset=\"https:\/\/dechavarri.es\/wp-content\/uploads\/2022\/03\/grracias_dechavarri_blanco-scaled.png 2560w, https:\/\/dechavarri.es\/wp-content\/uploads\/2022\/03\/grracias_dechavarri_blanco-scaled-600x72.png 600w\" sizes=\"(max-width: 300px) 100vw, 300px\" \/>\t\t\t\t\t\t\t\t\t\t\t\t\t\t\t<\/div>\n\t\t\t\t<\/div>\n\t\t\t\t\t<\/div>\n\t\t<\/div>\n\t\t\t\t\t<\/div>\n\t\t<\/section>\n\t\t\t\t<section class=\"elementor-section elementor-top-section elementor-element elementor-element-ac57ee9 elementor-section-full_width display_row elementor-section-height-default elementor-section-height-default parallax_section_no qode_elementor_container_no\" data-id=\"ac57ee9\" data-element_type=\"section\" data-e-type=\"section\">\n\t\t\t\t\t\t<div class=\"elementor-container elementor-column-gap-no\">\n\t\t\t\t\t<div class=\"elementor-column elementor-col-100 elementor-top-column elementor-element elementor-element-4cac7c1\" data-id=\"4cac7c1\" data-element_type=\"column\" data-e-type=\"column\">\n\t\t\t<div class=\"elementor-widget-wrap elementor-element-populated\">\n\t\t\t\t\t\t<div class=\"elementor-element elementor-element-d91cd2b elementor-widget elementor-widget-image\" data-id=\"d91cd2b\" data-element_type=\"widget\" data-e-type=\"widget\" data-widget_type=\"image.default\">\n\t\t\t\t<div class=\"elementor-widget-container\">\n\t\t\t\t\t\t\t\t\t\t\t\t\t\t\t<img decoding=\"async\" src=\"https:\/\/dechavarri.es\/wp-content\/uploads\/2020\/07\/map.jpg\" title=\"\" alt=\"\" loading=\"lazy\" \/>\t\t\t\t\t\t\t\t\t\t\t\t\t\t\t<\/div>\n\t\t\t\t<\/div>\n\t\t\t\t\t<\/div>\n\t\t<\/div>\n\t\t\t\t\t<\/div>\n\t\t<\/section>\n\t\t\t\t<\/div>\n\t\t","protected":false},"excerpt":{"rendered":"<p>Sonia V\u00e1zquez Meet Sonia Vazquez Rizaldos Intensivist Doctor Born in Talavera de la Reina (Toledo) 1969 \u201cDif\u00edcil olvidar la infinita tristeza que hemos vivido, que nos ayude la alegr\u00eda de poder dedicarnos a esta profesi\u00f3n. Gracias a todos\u201d Sonia has a bachelor degree in Medicine&#8230;<\/p>\n","protected":false},"author":5,"featured_media":0,"parent":0,"menu_order":0,"comment_status":"closed","ping_status":"closed","template":"full_width.php","meta":{"_joinchat":[],"footnotes":""},"class_list":["post-6814","page","type-page","status-publish","hentry"],"_links":{"self":[{"href":"https:\/\/dechavarri.es\/en\/wp-json\/wp\/v2\/pages\/6814","targetHints":{"allow":["GET"]}}],"collection":[{"href":"https:\/\/dechavarri.es\/en\/wp-json\/wp\/v2\/pages"}],"about":[{"href":"https:\/\/dechavarri.es\/en\/wp-json\/wp\/v2\/types\/page"}],"author":[{"embeddable":true,"href":"https:\/\/dechavarri.es\/en\/wp-json\/wp\/v2\/users\/5"}],"replies":[{"embeddable":true,"href":"https:\/\/dechavarri.es\/en\/wp-json\/wp\/v2\/comments?post=6814"}],"version-history":[{"count":10,"href":"https:\/\/dechavarri.es\/en\/wp-json\/wp\/v2\/pages\/6814\/revisions"}],"predecessor-version":[{"id":8015,"href":"https:\/\/dechavarri.es\/en\/wp-json\/wp\/v2\/pages\/6814\/revisions\/8015"}],"wp:attachment":[{"href":"https:\/\/dechavarri.es\/en\/wp-json\/wp\/v2\/media?parent=6814"}],"curies":[{"name":"wp","href":"https:\/\/api.w.org\/{rel}","templated":true}]}}